{"id":835223,"date":"2024-09-20T12:22:26","date_gmt":"2024-09-20T09:22:26","guid":{"rendered":"https:\/\/www.cactus-online.net\/wiki\/"},"modified":"2024-09-20T12:22:26","modified_gmt":"2024-09-20T09:22:26","slug":"wiki","status":"publish","type":"page","link":"https:\/\/www.cactus-online.net\/cs\/wiki\/","title":{"rendered":"Wiki"},"content":{"rendered":"\t\t<div data-elementor-type=\"wp-page\" data-elementor-id=\"835223\" class=\"elementor elementor-835223 elementor-355148\">\n\t\t\t\t\t\t<section class=\"elementor-section elementor-top-section elementor-element elementor-element-d8f9c88 elementor-section-boxed elementor-section-height-default elementor-section-height-default\" data-id=\"d8f9c88\" data-element_type=\"section\">\n\t\t\t\t\t\t<div class=\"elementor-container elementor-column-gap-default\">\n\t\t\t\t\t<div class=\"elementor-column elementor-col-100 elementor-top-column elementor-element elementor-element-4b58dba\" data-id=\"4b58dba\" data-element_type=\"column\">\n\t\t\t<div class=\"elementor-widget-wrap elementor-element-populated\">\n\t\t\t\t\t\t<div class=\"elementor-element elementor-element-2cccbd1 elementor-widget elementor-widget-mfn_blog\" data-id=\"2cccbd1\" data-element_type=\"widget\" data-widget_type=\"mfn_blog.default\">\n\t\t\t\t<div class=\"elementor-widget-container\">\n\t\t\t\t\t<div class=\"column_filters\"><div class=\"blog_wrapper isotope_wrapper clearfix\"><div class=\"posts_group lm_wrapper element_classes col-3 grid\"><article class=\"post post-item isotope-item clearfix category-1169 post-852820 type-post status-publish format-standard has-post-thumbnail hentry category-wiki-cs\" style=\"\"><div class=\"date_label\">27 z\u00e1\u0159\u00ed, 2024<\/div><div class=\"image_frame post-photo-wrapper scale-with-grid image\"><div class=\"image_wrapper\"><a href=\"https:\/\/www.cactus-online.net\/cs\/pokyny-pro-peci-o-rostliny-pseudolithos\/\"><div class=\"mask\"><\/div><img fetchpriority=\"high\" decoding=\"async\" width=\"960\" height=\"750\" src=\"https:\/\/www.cactus-online.net\/wp-content\/uploads\/2024\/05\/IMG_2576-960x750.jpg\" class=\"scale-with-grid wp-post-image\" alt=\"\" \/><\/a><div class=\"image_links double\"><a class=\"zoom tooltip\" data-tooltip=\"Zoom\" data-position=\"left\" rel=\"prettyphoto\" href=\"https:\/\/www.cactus-online.net\/wp-content\/uploads\/2024\/05\/IMG_2576.jpg\"><svg viewBox=\"0 0 26 26\"><defs><style>.path{fill:none;stroke:#333;stroke-miterlimit:10;stroke-width:1.5px;}<\/style><\/defs><circle cx=\"11.35\" cy=\"11.35\" r=\"6\" class=\"path\"><\/circle><line x1=\"15.59\" y1=\"15.59\" x2=\"20.65\" y2=\"20.65\" class=\"path\"><\/line><\/svg><\/a><a class=\"link tooltip\" data-tooltip=\"Details\" data-position=\"left\" href=\"https:\/\/www.cactus-online.net\/cs\/pokyny-pro-peci-o-rostliny-pseudolithos\/\"><svg viewBox=\"0 0 26 26\"><defs><style>.path{fill:none;stroke:#333;stroke-miterlimit:10;stroke-width:1.5px;}<\/style><\/defs><g><path d=\"M10.17,8.76l2.12-2.12a5,5,0,0,1,7.07,0h0a5,5,0,0,1,0,7.07l-2.12,2.12\" class=\"path\"><\/path><path d=\"M15.83,17.24l-2.12,2.12a5,5,0,0,1-7.07,0h0a5,5,0,0,1,0-7.07l2.12-2.12\" class=\"path\"><\/path><line x1=\"10.17\" y1=\"15.83\" x2=\"15.83\" y2=\"10.17\" class=\"path\"><\/line><\/g><\/svg><\/a><\/div><\/div><\/div><div class=\"post-desc-wrapper bg- has-custom-bg\" style=\"\"><div class=\"post-desc\"><div class=\"post-head\"><div class=\"post-meta clearfix\"><div class=\"author-date\"><span class=\"vcard author post-author\"><span class=\"label\">Published by <\/span><i class=\"icon-user\" aria-label=\"author\"><\/i> <span class=\"fn\"><a href=\"https:\/\/www.cactus-online.net\/cs\/author\/admin\/\">admin<\/a><\/span><\/span> <span class=\"date\"><span class=\"label\">on <\/span><i class=\"icon-clock\"><\/i> <span class=\"post-date updated\">27 z\u00e1\u0159\u00ed, 2024<\/span><\/span><\/div><div class=\"category\"><span class=\"cat-btn\">Categories <i class=\"icon-down-dir\" aria-hidden=\"true\"><\/i><\/span><div class=\"cat-wrapper\"><ul class=\"post-categories\">\n\t<li><a href=\"https:\/\/www.cactus-online.net\/cs\/category\/wiki-cs\/\" rel=\"category tag\">wiki<\/a><\/li><\/ul><\/div><\/div><\/div><\/div><div class=\"post-title\"><h2 class=\"entry-title \" itemprop=\"headline\"><a href=\"https:\/\/www.cactus-online.net\/cs\/pokyny-pro-peci-o-rostliny-pseudolithos\/\">Pokyny pro p\u00e9\u010di o rostliny Pseudolithos<\/a><\/h2><\/div><div class=\"post-excerpt\">Pokyny pro p\u00e9\u010di o rostliny Pseudolithos Obecn\u00e9 informace Pseudolithos je rod sukulentn\u00edch rostlin zn\u00e1m\u00fd sv\u00fdm neobvykl\u00fdm vzhledem, kter\u00fd p\u0159ipom\u00edn\u00e1 kameny nebo obl\u00e1zky. Tyto rostliny poch\u00e1zej\u00ed z<span class=\"excerpt-hellip\"> [\u2026]<\/span><\/div><div class=\"post-footer\"><div class=\"button-love\"><span class=\"love-text\">Do you like it?<\/span><a href=\"#\" class=\"mfn-love \" data-id=\"852820\"><span class=\"icons-wrapper\"><i class=\"icon-heart-empty-fa\"><\/i><i class=\"icon-heart-fa\"><\/i><\/span><span class=\"label\">5<\/span><\/a><\/div><div class=\"post-links\"><i class=\"read-more-icon icon-doc-text\" aria-hidden=\"true\"><\/i> <a href=\"https:\/\/www.cactus-online.net\/cs\/pokyny-pro-peci-o-rostliny-pseudolithos\/\" class=\"post-more\">Read more<\/a><\/div><\/div><\/div><\/div><\/article><article class=\"post post-item isotope-item clearfix no-img category-1169 post-851405 type-post status-publish format-standard hentry category-wiki-cs\" style=\"\"><div class=\"date_label\">27 z\u00e1\u0159\u00ed, 2024<\/div><div class=\"image_frame post-photo-wrapper scale-with-grid image\"><div class=\"image_wrapper\"><\/div><\/div><div class=\"post-desc-wrapper bg- has-custom-bg\" style=\"\"><div class=\"post-desc\"><div class=\"post-head\"><div class=\"post-meta clearfix\"><div class=\"author-date\"><span class=\"vcard author post-author\"><span class=\"label\">Published by <\/span><i class=\"icon-user\" aria-label=\"author\"><\/i> <span class=\"fn\"><a href=\"https:\/\/www.cactus-online.net\/cs\/author\/admin\/\">admin<\/a><\/span><\/span> <span class=\"date\"><span class=\"label\">on <\/span><i class=\"icon-clock\"><\/i> <span class=\"post-date updated\">27 z\u00e1\u0159\u00ed, 2024<\/span><\/span><\/div><div class=\"category\"><span class=\"cat-btn\">Categories <i class=\"icon-down-dir\" aria-hidden=\"true\"><\/i><\/span><div class=\"cat-wrapper\"><ul class=\"post-categories\">\n\t<li><a href=\"https:\/\/www.cactus-online.net\/cs\/category\/wiki-cs\/\" rel=\"category tag\">wiki<\/a><\/li><\/ul><\/div><\/div><\/div><\/div><div class=\"post-title\"><h2 class=\"entry-title \" itemprop=\"headline\"><a href=\"https:\/\/www.cactus-online.net\/cs\/opylovani-rostlin-rodu-euphorbia\/\">Opylov\u00e1n\u00ed rostlin rodu Euphorbia.<\/a><\/h2><\/div><div class=\"post-excerpt\">Opylov\u00e1n\u00ed rostlin rodu Euphorbia. \u00davod Rod Euphorbia, zn\u00e1m\u00fd tak\u00e9 jako mle\u010d, je jedn\u00edm z nejrozmanit\u011bj\u0161\u00edch a nejroz\u0161\u00ed\u0159en\u011bj\u0161\u00edch rod\u016f v rodin\u011b Euphorbiaceae. Obsahuje v\u00edce ne\u017e 2000 druh\u016f,<span class=\"excerpt-hellip\"> [\u2026]<\/span><\/div><div class=\"post-footer\"><div class=\"button-love\"><span class=\"love-text\">Do you like it?<\/span><a href=\"#\" class=\"mfn-love \" data-id=\"851405\"><span class=\"icons-wrapper\"><i class=\"icon-heart-empty-fa\"><\/i><i class=\"icon-heart-fa\"><\/i><\/span><span class=\"label\">4<\/span><\/a><\/div><div class=\"post-links\"><i class=\"read-more-icon icon-doc-text\" aria-hidden=\"true\"><\/i> <a href=\"https:\/\/www.cactus-online.net\/cs\/opylovani-rostlin-rodu-euphorbia\/\" class=\"post-more\">Read more<\/a><\/div><\/div><\/div><\/div><\/article><article class=\"post post-item isotope-item clearfix no-img category-1169 post-851402 type-post status-publish format-standard hentry category-wiki-cs\" style=\"\"><div class=\"date_label\">27 z\u00e1\u0159\u00ed, 2024<\/div><div class=\"image_frame post-photo-wrapper scale-with-grid image\"><div class=\"image_wrapper\"><\/div><\/div><div class=\"post-desc-wrapper bg- has-custom-bg\" style=\"\"><div class=\"post-desc\"><div class=\"post-head\"><div class=\"post-meta clearfix\"><div class=\"author-date\"><span class=\"vcard author post-author\"><span class=\"label\">Published by <\/span><i class=\"icon-user\" aria-label=\"author\"><\/i> <span class=\"fn\"><a href=\"https:\/\/www.cactus-online.net\/cs\/author\/admin\/\">admin<\/a><\/span><\/span> <span class=\"date\"><span class=\"label\">on <\/span><i class=\"icon-clock\"><\/i> <span class=\"post-date updated\">27 z\u00e1\u0159\u00ed, 2024<\/span><\/span><\/div><div class=\"category\"><span class=\"cat-btn\">Categories <i class=\"icon-down-dir\" aria-hidden=\"true\"><\/i><\/span><div class=\"cat-wrapper\"><ul class=\"post-categories\">\n\t<li><a href=\"https:\/\/www.cactus-online.net\/cs\/category\/wiki-cs\/\" rel=\"category tag\">wiki<\/a><\/li><\/ul><\/div><\/div><\/div><\/div><div class=\"post-title\"><h2 class=\"entry-title \" itemprop=\"headline\"><a href=\"https:\/\/www.cactus-online.net\/cs\/haworthia-ze-semen\/\">Haworthia ze semen<\/a><\/h2><\/div><div class=\"post-excerpt\">P\u011bstov\u00e1n\u00ed haworthi\u00ed ze semen se prov\u00e1d\u00ed v n\u00e1sleduj\u00edc\u00edch kroc\u00edch: P\u0159\u00edprava p\u016fdy: Vyberte si lehkou a dob\u0159e propustnou p\u016fdu vhodnou pro sukulenty. M\u016f\u017eete pou\u017e\u00edt speci\u00e1ln\u00ed sm\u011bs pro<span class=\"excerpt-hellip\"> [\u2026]<\/span><\/div><div class=\"post-footer\"><div class=\"button-love\"><span class=\"love-text\">Do you like it?<\/span><a href=\"#\" class=\"mfn-love \" data-id=\"851402\"><span class=\"icons-wrapper\"><i class=\"icon-heart-empty-fa\"><\/i><i class=\"icon-heart-fa\"><\/i><\/span><span class=\"label\">5<\/span><\/a><\/div><div class=\"post-links\"><i class=\"read-more-icon icon-doc-text\" aria-hidden=\"true\"><\/i> <a href=\"https:\/\/www.cactus-online.net\/cs\/haworthia-ze-semen\/\" class=\"post-more\">Read more<\/a><\/div><\/div><\/div><\/div><\/article><article class=\"post post-item isotope-item clearfix no-img category-1169 post-851384 type-post status-publish format-standard hentry category-wiki-cs\" style=\"\"><div class=\"date_label\">26 z\u00e1\u0159\u00ed, 2024<\/div><div class=\"image_frame post-photo-wrapper scale-with-grid image\"><div class=\"image_wrapper\"><\/div><\/div><div class=\"post-desc-wrapper bg- has-custom-bg\" style=\"\"><div class=\"post-desc\"><div class=\"post-head\"><div class=\"post-meta clearfix\"><div class=\"author-date\"><span class=\"vcard author post-author\"><span class=\"label\">Published by <\/span><i class=\"icon-user\" aria-label=\"author\"><\/i> <span class=\"fn\"><a href=\"https:\/\/www.cactus-online.net\/cs\/author\/admin\/\">admin<\/a><\/span><\/span> <span class=\"date\"><span class=\"label\">on <\/span><i class=\"icon-clock\"><\/i> <span class=\"post-date updated\">26 z\u00e1\u0159\u00ed, 2024<\/span><\/span><\/div><div class=\"category\"><span class=\"cat-btn\">Categories <i class=\"icon-down-dir\" aria-hidden=\"true\"><\/i><\/span><div class=\"cat-wrapper\"><ul class=\"post-categories\">\n\t<li><a href=\"https:\/\/www.cactus-online.net\/cs\/category\/wiki-cs\/\" rel=\"category tag\">wiki<\/a><\/li><\/ul><\/div><\/div><\/div><\/div><div class=\"post-title\"><h2 class=\"entry-title \" itemprop=\"headline\"><a href=\"https:\/\/www.cactus-online.net\/cs\/plan-ochrany-proti-skudcum-a-udrzby\/\">Pl\u00e1n ochrany proti \u0161k\u016fdc\u016fm a \u00fadr\u017eby<\/a><\/h2><\/div><div class=\"post-excerpt\">Jarn\u00ed pl\u00e1n o\u0161et\u0159en\u00ed kaktus\u016f a sukulent\u016f proti \u0161k\u016fdc\u016fm. Pl\u00e1n jarn\u00edho o\u0161et\u0159en\u00ed rostlin, o kter\u00e9m si podrobn\u011bji promluv\u00edme b\u011bhem na\u0161\u00ed sch\u016fzky: Hodnocen\u00ed stavu rostlin: Zkontrolujte stav v\u0161ech<span class=\"excerpt-hellip\"> [\u2026]<\/span><\/div><div class=\"post-footer\"><div class=\"button-love\"><span class=\"love-text\">Do you like it?<\/span><a href=\"#\" class=\"mfn-love \" data-id=\"851384\"><span class=\"icons-wrapper\"><i class=\"icon-heart-empty-fa\"><\/i><i class=\"icon-heart-fa\"><\/i><\/span><span class=\"label\">3<\/span><\/a><\/div><div class=\"post-links\"><i class=\"read-more-icon icon-doc-text\" aria-hidden=\"true\"><\/i> <a href=\"https:\/\/www.cactus-online.net\/cs\/plan-ochrany-proti-skudcum-a-udrzby\/\" class=\"post-more\">Read more<\/a><\/div><\/div><\/div><\/div><\/article><article class=\"post post-item isotope-item clearfix no-img category-1169 post-851378 type-post status-publish format-standard hentry category-wiki-cs\" style=\"\"><div class=\"date_label\">26 z\u00e1\u0159\u00ed, 2024<\/div><div class=\"image_frame post-photo-wrapper scale-with-grid image\"><div class=\"image_wrapper\"><\/div><\/div><div class=\"post-desc-wrapper bg- has-custom-bg\" style=\"\"><div class=\"post-desc\"><div class=\"post-head\"><div class=\"post-meta clearfix\"><div class=\"author-date\"><span class=\"vcard author post-author\"><span class=\"label\">Published by <\/span><i class=\"icon-user\" aria-label=\"author\"><\/i> <span class=\"fn\"><a href=\"https:\/\/www.cactus-online.net\/cs\/author\/admin\/\">admin<\/a><\/span><\/span> <span class=\"date\"><span class=\"label\">on <\/span><i class=\"icon-clock\"><\/i> <span class=\"post-date updated\">26 z\u00e1\u0159\u00ed, 2024<\/span><\/span><\/div><div class=\"category\"><span class=\"cat-btn\">Categories <i class=\"icon-down-dir\" aria-hidden=\"true\"><\/i><\/span><div class=\"cat-wrapper\"><ul class=\"post-categories\">\n\t<li><a href=\"https:\/\/www.cactus-online.net\/cs\/category\/wiki-cs\/\" rel=\"category tag\">wiki<\/a><\/li><\/ul><\/div><\/div><\/div><\/div><div class=\"post-title\"><h2 class=\"entry-title \" itemprop=\"headline\"><a href=\"https:\/\/www.cactus-online.net\/cs\/optimalni-hnojeni-kaktusu-s-crystalonem-tipy-a-doporuceni\/\">Optim\u00e1ln\u00ed hnojen\u00ed kaktus\u016f s Crystalonem: Tipy a doporu\u010den\u00ed.<\/a><\/h2><\/div><div class=\"post-excerpt\">Kaktusy, symboly odolnosti a exotick\u00e9 kr\u00e1sy, jsou rostliny schopn\u00e9 p\u0159e\u017e\u00edt extr\u00e9mn\u00ed podm\u00ednky a prosp\u00edvat v such\u00fdch a aridn\u00edch oblastech. Jedn\u00edm z kl\u00ed\u010dov\u00fdch aspekt\u016f \u00fasp\u011b\u0161n\u00e9ho p\u011bstov\u00e1n\u00ed je<span class=\"excerpt-hellip\"> [\u2026]<\/span><\/div><div class=\"post-footer\"><div class=\"button-love\"><span class=\"love-text\">Do you like it?<\/span><a href=\"#\" class=\"mfn-love \" data-id=\"851378\"><span class=\"icons-wrapper\"><i class=\"icon-heart-empty-fa\"><\/i><i class=\"icon-heart-fa\"><\/i><\/span><span class=\"label\">2<\/span><\/a><\/div><div class=\"post-links\"><i class=\"read-more-icon icon-doc-text\" aria-hidden=\"true\"><\/i> <a href=\"https:\/\/www.cactus-online.net\/cs\/optimalni-hnojeni-kaktusu-s-crystalonem-tipy-a-doporuceni\/\" class=\"post-more\">Read more<\/a><\/div><\/div><\/div><\/div><\/article><article class=\"post post-item isotope-item clearfix no-img category-1169 post-851372 type-post status-publish format-standard hentry category-wiki-cs\" style=\"\"><div class=\"date_label\">26 z\u00e1\u0159\u00ed, 2024<\/div><div class=\"image_frame post-photo-wrapper scale-with-grid image\"><div class=\"image_wrapper\"><\/div><\/div><div class=\"post-desc-wrapper bg- has-custom-bg\" style=\"\"><div class=\"post-desc\"><div class=\"post-head\"><div class=\"post-meta clearfix\"><div class=\"author-date\"><span class=\"vcard author post-author\"><span class=\"label\">Published by <\/span><i class=\"icon-user\" aria-label=\"author\"><\/i> <span class=\"fn\"><a href=\"https:\/\/www.cactus-online.net\/cs\/author\/admin\/\">admin<\/a><\/span><\/span> <span class=\"date\"><span class=\"label\">on <\/span><i class=\"icon-clock\"><\/i> <span class=\"post-date updated\">26 z\u00e1\u0159\u00ed, 2024<\/span><\/span><\/div><div class=\"category\"><span class=\"cat-btn\">Categories <i class=\"icon-down-dir\" aria-hidden=\"true\"><\/i><\/span><div class=\"cat-wrapper\"><ul class=\"post-categories\">\n\t<li><a href=\"https:\/\/www.cactus-online.net\/cs\/category\/wiki-cs\/\" rel=\"category tag\">wiki<\/a><\/li><\/ul><\/div><\/div><\/div><\/div><div class=\"post-title\"><h2 class=\"entry-title \" itemprop=\"headline\"><a href=\"https:\/\/www.cactus-online.net\/cs\/osmocote-exact\/\">OSMOCOTE EXACT<\/a><\/h2><\/div><div class=\"post-excerpt\">Osmocote: Vzkv\u00e9t\u00e1n\u00ed pro va\u0161e kaktusy a sukulenty s dlouhotrvaj\u00edc\u00edm \u00fa\u010dinkem. Ve sv\u011bt\u011b vnit\u0159n\u00edho zahradni\u010den\u00ed maj\u00ed kaktusy a sukulenty zvl\u00e1\u0161tn\u00ed m\u00edsto. Tyto \u00fa\u017easn\u00e9 rostliny nejen fascinuj\u00ed svou<span class=\"excerpt-hellip\"> [\u2026]<\/span><\/div><div class=\"post-footer\"><div class=\"button-love\"><span class=\"love-text\">Do you like it?<\/span><a href=\"#\" class=\"mfn-love \" data-id=\"851372\"><span class=\"icons-wrapper\"><i class=\"icon-heart-empty-fa\"><\/i><i class=\"icon-heart-fa\"><\/i><\/span><span class=\"label\">2<\/span><\/a><\/div><div class=\"post-links\"><i class=\"read-more-icon icon-doc-text\" aria-hidden=\"true\"><\/i> <a href=\"https:\/\/www.cactus-online.net\/cs\/osmocote-exact\/\" class=\"post-more\">Read more<\/a><\/div><\/div><\/div><\/div><\/article><\/div><div class=\"column one pager_wrapper\"><div class=\"pager\"><div class=\"pages\"><a href=\"https:\/\/www.cactus-online.net\/cs\/wp-json\/wp\/v2\/pages\/835223\/\" class=\"page active\">1<\/a><a href=\"https:\/\/www.cactus-online.net\/cs\/wp-json\/wp\/v2\/pages\/835223\/page\/2\/\" class=\"page\">2<\/a><a href=\"https:\/\/www.cactus-online.net\/cs\/wp-json\/wp\/v2\/pages\/835223\/page\/3\/\" class=\"page\">3<\/a><a href=\"https:\/\/www.cactus-online.net\/cs\/wp-json\/wp\/v2\/pages\/835223\/page\/4\/\" class=\"page\">4<\/a><\/div><a rel=\"next\" class=\"next_page\" href=\"https:\/\/www.cactus-online.net\/cs\/wp-json\/wp\/v2\/pages\/835223\/page\/2\/\">Next page<i class=\"icon-right-open\" aria-hidden=\"true\"><\/i><\/a><\/div><\/div>\n<\/div>\n<\/div>\n\t\t\t\t<\/div>\n\t\t\t\t<\/div>\n\t\t\t\t\t<\/div>\n\t\t<\/div>\n\t\t\t\t\t<\/div>\n\t\t<\/section>\n\t\t\t\t<\/div>\n\t\t","protected":false},"excerpt":{"rendered":"<p>January 17, 2024 Published by admin on January 17, 2024Categories wiki Tillandsia Tillandsias are air plants that are characterized by their easy cultivation and unique beauty.<span class=\"excerpt-hellip\"> [\u2026]<\/span><\/p>\n","protected":false},"author":1,"featured_media":0,"parent":0,"menu_order":0,"comment_status":"closed","ping_status":"closed","template":"","meta":{"footnotes":""},"class_list":["post-835223","page","type-page","status-publish","hentry"],"_links":{"self":[{"href":"https:\/\/www.cactus-online.net\/cs\/wp-json\/wp\/v2\/pages\/835223","targetHints":{"allow":["GET"]}}],"collection":[{"href":"https:\/\/www.cactus-online.net\/cs\/wp-json\/wp\/v2\/pages"}],"about":[{"href":"https:\/\/www.cactus-online.net\/cs\/wp-json\/wp\/v2\/types\/page"}],"author":[{"embeddable":true,"href":"https:\/\/www.cactus-online.net\/cs\/wp-json\/wp\/v2\/users\/1"}],"replies":[{"embeddable":true,"href":"https:\/\/www.cactus-online.net\/cs\/wp-json\/wp\/v2\/comments?post=835223"}],"version-history":[{"count":1,"href":"https:\/\/www.cactus-online.net\/cs\/wp-json\/wp\/v2\/pages\/835223\/revisions"}],"predecessor-version":[{"id":835224,"href":"https:\/\/www.cactus-online.net\/cs\/wp-json\/wp\/v2\/pages\/835223\/revisions\/835224"}],"wp:attachment":[{"href":"https:\/\/www.cactus-online.net\/cs\/wp-json\/wp\/v2\/media?parent=835223"}],"curies":[{"name":"wp","href":"https:\/\/api.w.org\/{rel}","templated":true}]}}