{"id":835225,"date":"2024-09-20T12:23:20","date_gmt":"2024-09-20T09:23:20","guid":{"rendered":"https:\/\/www.cactus-online.net\/nakupni-kosik\/"},"modified":"2024-09-20T12:23:20","modified_gmt":"2024-09-20T09:23:20","slug":"nakupni-kosik","status":"publish","type":"page","link":"https:\/\/www.cactus-online.net\/cs\/nakupni-kosik\/","title":{"rendered":"N\u00e1kupn\u00ed ko\u0161\u00edk"},"content":{"rendered":"\n","protected":false},"excerpt":{"rendered":"","protected":false},"author":1,"featured_media":0,"parent":0,"menu_order":0,"comment_status":"closed","ping_status":"closed","template":"","meta":{"footnotes":""},"class_list":["post-835225","page","type-page","status-publish","hentry"],"_links":{"self":[{"href":"https:\/\/www.cactus-online.net\/cs\/wp-json\/wp\/v2\/pages\/835225","targetHints":{"allow":["GET"]}}],"collection":[{"href":"https:\/\/www.cactus-online.net\/cs\/wp-json\/wp\/v2\/pages"}],"about":[{"href":"https:\/\/www.cactus-online.net\/cs\/wp-json\/wp\/v2\/types\/page"}],"author":[{"embeddable":true,"href":"https:\/\/www.cactus-online.net\/cs\/wp-json\/wp\/v2\/users\/1"}],"replies":[{"embeddable":true,"href":"https:\/\/www.cactus-online.net\/cs\/wp-json\/wp\/v2\/comments?post=835225"}],"version-history":[{"count":1,"href":"https:\/\/www.cactus-online.net\/cs\/wp-json\/wp\/v2\/pages\/835225\/revisions"}],"predecessor-version":[{"id":835226,"href":"https:\/\/www.cactus-online.net\/cs\/wp-json\/wp\/v2\/pages\/835225\/revisions\/835226"}],"wp:attachment":[{"href":"https:\/\/www.cactus-online.net\/cs\/wp-json\/wp\/v2\/media?parent=835225"}],"curies":[{"name":"wp","href":"https:\/\/api.w.org\/{rel}","templated":true}]}}