{"id":275838,"date":"2023-12-15T12:22:12","date_gmt":"2023-12-15T10:22:12","guid":{"rendered":"https:\/\/www.cactus-online.net\/ueber-uns\/"},"modified":"2024-05-24T11:00:27","modified_gmt":"2024-05-24T08:00:27","slug":"ueber-uns","status":"publish","type":"page","link":"https:\/\/www.cactus-online.net\/de\/ueber-uns\/","title":{"rendered":"\u00dcber uns"},"content":{"rendered":"\t\t<div data-elementor-type=\"wp-page\" data-elementor-id=\"275838\" class=\"elementor elementor-275838 elementor-24451\">\n\t\t\t\t\t\t<section class=\"elementor-section elementor-top-section elementor-element elementor-element-4edf7f5 elementor-section-boxed elementor-section-height-default elementor-section-height-default\" data-id=\"4edf7f5\" data-element_type=\"section\">\n\t\t\t\t\t\t<div class=\"elementor-container elementor-column-gap-default\">\n\t\t\t\t\t<div class=\"elementor-column elementor-col-50 elementor-top-column elementor-element elementor-element-2976ae4\" data-id=\"2976ae4\" data-element_type=\"column\">\n\t\t\t<div class=\"elementor-widget-wrap elementor-element-populated\">\n\t\t\t\t\t\t<div class=\"elementor-element elementor-element-e96bf6c elementor-widget elementor-widget-text-editor\" data-id=\"e96bf6c\" data-element_type=\"widget\" data-widget_type=\"text-editor.default\">\n\t\t\t\t<div class=\"elementor-widget-container\">\n\t\t\t\t\t\t\t\t\t<p><strong><i>Mein Interesse am Kultivieren von Kakteen und Sukkulenten begann im Jahr 1999, und mit der Zeit erwarb ich eine gro\u00dfe Sammlung von Astrophytum, Gymnocalycium, Copiapoa, Ferocactus und anderen Arten.<\/i><\/strong><\/p>\n<p><strong><i>Das Wachstum setzte sich mit Sukkulenten und Mesembapflanzen fort. Mit der Zeit musste ich ein neues Gew\u00e4chshaus f\u00fcr meine Aloe-, Haworthia- und Kaudexpflanzen bauen.  <\/i><\/strong><\/p>\n<p><strong><i>Heute habe ich eine Sammlung von \u00fcber 100.000 Pflanzen und biete eine gro\u00dfe Vielfalt davon an, einschlie\u00dflich Haworthia-Pflanzen, Lithops, Conophytums, Aloes, Echeveria, Crassula, Adromychus-Pflanzen sowie eine gro\u00dfe Auswahl an Astrophytum-Hybriden, Gymnocalycium-S\u00e4mlingen, Neoporterias, Telocephala-S\u00e4mlingen und vielen weiteren. <\/i><\/strong><\/p>\n<p><strong><i>Mein Interesse am Sammeln von Kakteen und Sukkulenten entwickelte sich zur Firma Cactus Online EOOD, als ich 2015 von der Ukraine nach Bulgarien umzog.<\/i><\/strong><\/p>\n<p><strong><i>Die Auswahl an kaktusthematischen Accessoires ist ebenfalls sehr umfangreich.<\/i><\/strong><\/p>\n<p><strong><i>Seit 2018 habe ich ein Team von Fachleuten, die mir helfen, mich um die Pflanzen zu k\u00fcmmern und den Online-Shop auf dem neuesten Stand zu halten.<\/i><\/strong><\/p>\n<p><strong><i>Nata Ellis<\/i><\/strong><\/p>\n\t\t\t\t\t\t\t\t<\/div>\n\t\t\t\t<\/div>\n\t\t\t\t\t<\/div>\n\t\t<\/div>\n\t\t\t\t<div class=\"elementor-column elementor-col-50 elementor-top-column elementor-element elementor-element-46d1b18\" data-id=\"46d1b18\" data-element_type=\"column\">\n\t\t\t<div class=\"elementor-widget-wrap elementor-element-populated\">\n\t\t\t\t\t\t<div class=\"elementor-element elementor-element-1d510f8 elementor-widget__width-initial elementor-widget elementor-widget-image\" data-id=\"1d510f8\" data-element_type=\"widget\" data-widget_type=\"image.default\">\n\t\t\t\t<div class=\"elementor-widget-container\">\n\t\t\t\t\t\t\t\t\t\t\t\t\t\t\t<img decoding=\"async\" src=\"https:\/\/www.cactus-online.net\/wp-content\/uploads\/2023\/10\/DSCF5490-scaled.jpg\" title=\"\" alt=\"\" loading=\"lazy\" \/>\t\t\t\t\t\t\t\t\t\t\t\t\t\t\t<\/div>\n\t\t\t\t<\/div>\n\t\t\t\t\t<\/div>\n\t\t<\/div>\n\t\t\t\t\t<\/div>\n\t\t<\/section>\n\t\t\t\t<section class=\"elementor-section elementor-top-section elementor-element elementor-element-85a3cfc elementor-section-boxed elementor-section-height-default elementor-section-height-default\" data-id=\"85a3cfc\" data-element_type=\"section\">\n\t\t\t\t\t\t<div class=\"elementor-container elementor-column-gap-default\">\n\t\t\t\t\t<div class=\"elementor-column elementor-col-50 elementor-top-column elementor-element elementor-element-e1409ed\" data-id=\"e1409ed\" data-element_type=\"column\">\n\t\t\t<div class=\"elementor-widget-wrap elementor-element-populated\">\n\t\t\t\t\t\t<div class=\"elementor-element elementor-element-0553899 elementor-widget elementor-widget-image\" data-id=\"0553899\" data-element_type=\"widget\" data-widget_type=\"image.default\">\n\t\t\t\t<div class=\"elementor-widget-container\">\n\t\t\t\t\t\t\t\t\t\t\t\t\t\t\t<img decoding=\"async\" src=\"https:\/\/www.cactus-online.net\/wp-content\/uploads\/2023\/10\/DSCF5548-scaled.jpg\" title=\"\" alt=\"\" loading=\"lazy\" \/>\t\t\t\t\t\t\t\t\t\t\t\t\t\t\t<\/div>\n\t\t\t\t<\/div>\n\t\t\t\t\t<\/div>\n\t\t<\/div>\n\t\t\t\t<div class=\"elementor-column elementor-col-50 elementor-top-column elementor-element elementor-element-400d996\" data-id=\"400d996\" data-element_type=\"column\">\n\t\t\t<div class=\"elementor-widget-wrap elementor-element-populated\">\n\t\t\t\t\t\t<div class=\"elementor-element elementor-element-665a1f0 elementor-widget elementor-widget-text-editor\" data-id=\"665a1f0\" data-element_type=\"widget\" data-widget_type=\"text-editor.default\">\n\t\t\t\t<div class=\"elementor-widget-container\">\n\t\t\t\t\t\t\t\t\t<p><span style=\"font-weight: 400;\">Bei Cactus Online Ltd versenden wir Pflanzen in die ganze Welt (die einzigen Ausnahmen sind Singapur und Australien, wof\u00fcr ich mich entschuldige). <\/span><span style=\"font-weight: 400;\">Wir bieten registrierte Luftpost mit einem Phyto-Zertifikat an (13 Euro pro Sendung f\u00fcr Nicht-EU-L\u00e4nder). <\/span><span style=\"font-weight: 400;\">Schnelle Ankunft, ausgezeichnete Verpackung und gesunde Pflanzen. Das ist unser Leitprinzip und unser Standard. <\/span><\/p>\n<p><span style=\"font-weight: 400;\">In nur drei Jahren wuchs das Team auf neun Mitglieder an und wurde zu einer eng verbundenen Familie, in der jeder einander unterst\u00fctzt und die Erfolge und Errungenschaften des Teams feiert. <\/span><span style=\"font-weight: 400;\">Wir ber\u00fccksichtigen immer das Feedback unserer Verbraucher.<\/span><\/p>\n<p><span style=\"font-weight: 400;\">Alles Neue und Aufregende hat unsere volle Aufmerksamkeit. Unsere monatlichen Pflanzenzug\u00e4nge zum Gew\u00e4chshaus sorgen daf\u00fcr, dass die Sammlung immer frisch und interessant bleibt. Wir machen unsere Kunden gl\u00fccklich, indem wir ihnen die M\u00f6glichkeit geben, ihre eigene einzigartige Sammlung aufzubauen, angefangen bei Kakteen und Sukkulenten bis hin zu Begonien und Bonsai.  <\/span><\/p>\n\t\t\t\t\t\t\t\t<\/div>\n\t\t\t\t<\/div>\n\t\t\t\t\t<\/div>\n\t\t<\/div>\n\t\t\t\t\t<\/div>\n\t\t<\/section>\n\t\t\t\t<section class=\"elementor-section elementor-top-section elementor-element elementor-element-92aa622 elementor-section-boxed elementor-section-height-default elementor-section-height-default\" data-id=\"92aa622\" data-element_type=\"section\">\n\t\t\t\t\t\t<div class=\"elementor-container elementor-column-gap-default\">\n\t\t\t\t\t<div class=\"elementor-column elementor-col-100 elementor-top-column elementor-element elementor-element-da1862c\" data-id=\"da1862c\" data-element_type=\"column\">\n\t\t\t<div class=\"elementor-widget-wrap elementor-element-populated\">\n\t\t\t\t\t\t<div class=\"elementor-element elementor-element-676e8e4 elementor-widget elementor-widget-heading\" data-id=\"676e8e4\" data-element_type=\"widget\" data-widget_type=\"heading.default\">\n\t\t\t\t<div class=\"elementor-widget-container\">\n\t\t\t\t\t<h2 class=\"elementor-heading-title elementor-size-default\">Produktion<\/h2>\t\t\t\t<\/div>\n\t\t\t\t<\/div>\n\t\t\t\t\t<\/div>\n\t\t<\/div>\n\t\t\t\t\t<\/div>\n\t\t<\/section>\n\t\t\t\t<section class=\"elementor-section elementor-top-section elementor-element elementor-element-79a902f elementor-section-boxed elementor-section-height-default elementor-section-height-default\" data-id=\"79a902f\" data-element_type=\"section\">\n\t\t\t\t\t\t<div class=\"elementor-container elementor-column-gap-default\">\n\t\t\t\t\t<div class=\"elementor-column elementor-col-50 elementor-top-column elementor-element elementor-element-9b0033f\" data-id=\"9b0033f\" data-element_type=\"column\">\n\t\t\t<div class=\"elementor-widget-wrap elementor-element-populated\">\n\t\t\t\t\t\t<div class=\"elementor-element elementor-element-8142b50 elementor-widget elementor-widget-text-editor\" data-id=\"8142b50\" data-element_type=\"widget\" data-widget_type=\"text-editor.default\">\n\t\t\t\t<div class=\"elementor-widget-container\">\n\t\t\t\t\t\t\t\t\t<p><span style=\"font-weight: 400;\">Unser Unternehmen basiert auf dem Fachwissen und der Pflanzensammlung unserer Gr\u00fcnderin Nata Ellis, die seit \u00fcber zwei Jahrzehnten in diesem Gesch\u00e4ft t\u00e4tig ist, sowie auf dem Wissen unserer Spezialisten, der Agronomin Sabina Paraskova und des Beraters mit einem Doktortitel in Biologie &#8211; Yaroslav Avekin. <\/span><\/p>\n<p>Unser Team von Spezialisten besch\u00e4ftigt sich mit dem Anbau von Pflanzen aus Samen, Best\u00e4ubung, der Erzeugung eigener Samen aus reinen Arten sowie einzigartigen Hybriden, die nach Aussaat und Auswahl der interessantesten Pflanzen in die Massenproduktion gehen und verkauft werden.<\/p>\n<p>Die Gesamtfl\u00e4che unserer Gew\u00e4chsh\u00e4user betr\u00e4gt 450 Quadratmeter, und jedes Jahr f\u00fcgen wir 150-200 Quadratmeter neue Gew\u00e4chsh\u00e4user hinzu, um unser Sortiment an Typen zu erweitern.  <\/p>\n\t\t\t\t\t\t\t\t<\/div>\n\t\t\t\t<\/div>\n\t\t\t\t\t<\/div>\n\t\t<\/div>\n\t\t\t\t<div class=\"elementor-column elementor-col-50 elementor-top-column elementor-element elementor-element-afb10f3\" data-id=\"afb10f3\" data-element_type=\"column\">\n\t\t\t<div class=\"elementor-widget-wrap elementor-element-populated\">\n\t\t\t\t\t\t<div class=\"elementor-element elementor-element-172c1c7 elementor-widget elementor-widget-image\" data-id=\"172c1c7\" data-element_type=\"widget\" data-widget_type=\"image.default\">\n\t\t\t\t<div class=\"elementor-widget-container\">\n\t\t\t\t\t\t\t\t\t\t\t\t\t\t\t<img decoding=\"async\" src=\"https:\/\/www.cactus-online.net\/wp-content\/uploads\/2023\/10\/DSCF5575-scaled.jpg\" title=\"\" alt=\"\" loading=\"lazy\" \/>\t\t\t\t\t\t\t\t\t\t\t\t\t\t\t<\/div>\n\t\t\t\t<\/div>\n\t\t\t\t\t<\/div>\n\t\t<\/div>\n\t\t\t\t\t<\/div>\n\t\t<\/section>\n\t\t\t\t<section class=\"elementor-section elementor-top-section elementor-element elementor-element-1111fd6 elementor-section-boxed elementor-section-height-default elementor-section-height-default\" data-id=\"1111fd6\" data-element_type=\"section\">\n\t\t\t\t\t\t<div class=\"elementor-container elementor-column-gap-default\">\n\t\t\t\t\t<div class=\"elementor-column elementor-col-100 elementor-top-column elementor-element elementor-element-4566695\" data-id=\"4566695\" data-element_type=\"column\">\n\t\t\t<div class=\"elementor-widget-wrap elementor-element-populated\">\n\t\t\t\t\t\t<div class=\"elementor-element elementor-element-109101f elementor-widget elementor-widget-heading\" data-id=\"109101f\" data-element_type=\"widget\" data-widget_type=\"heading.default\">\n\t\t\t\t<div class=\"elementor-widget-container\">\n\t\t\t\t\t<h2 class=\"elementor-heading-title elementor-size-default\">Aufsicht und Auswahl<\/h2>\t\t\t\t<\/div>\n\t\t\t\t<\/div>\n\t\t\t\t<section class=\"elementor-section elementor-inner-section elementor-element elementor-element-62005b4 elementor-section-boxed elementor-section-height-default elementor-section-height-default\" data-id=\"62005b4\" data-element_type=\"section\">\n\t\t\t\t\t\t<div class=\"elementor-container elementor-column-gap-default\">\n\t\t\t\t\t<div class=\"elementor-column elementor-col-50 elementor-inner-column elementor-element elementor-element-c6b85a6\" data-id=\"c6b85a6\" data-element_type=\"column\">\n\t\t\t<div class=\"elementor-widget-wrap elementor-element-populated\">\n\t\t\t\t\t\t<div class=\"elementor-element elementor-element-568beed elementor-widget elementor-widget-image\" data-id=\"568beed\" data-element_type=\"widget\" data-widget_type=\"image.default\">\n\t\t\t\t<div class=\"elementor-widget-container\">\n\t\t\t\t\t\t\t\t\t\t\t\t\t\t\t<img decoding=\"async\" src=\"https:\/\/www.cactus-online.net\/wp-content\/uploads\/2023\/10\/DSCF5593-scaled.jpg\" title=\"\" alt=\"\" loading=\"lazy\" \/>\t\t\t\t\t\t\t\t\t\t\t\t\t\t\t<\/div>\n\t\t\t\t<\/div>\n\t\t\t\t\t<\/div>\n\t\t<\/div>\n\t\t\t\t<div class=\"elementor-column elementor-col-50 elementor-inner-column elementor-element elementor-element-c33d6e7\" data-id=\"c33d6e7\" data-element_type=\"column\">\n\t\t\t<div class=\"elementor-widget-wrap elementor-element-populated\">\n\t\t\t\t\t\t<div class=\"elementor-element elementor-element-cdb8671 elementor-widget elementor-widget-text-editor\" data-id=\"cdb8671\" data-element_type=\"widget\" data-widget_type=\"text-editor.default\">\n\t\t\t\t<div class=\"elementor-widget-container\">\n\t\t\t\t\t\t\t\t\t<p><span style=\"font-weight: 400;\">Wir verkaufen alle Pflanzen, die wir erhalten oder in unseren Gew\u00e4chsh\u00e4usern anbauen. Unsere Aufseher k\u00fcmmern sich um sie und w\u00e4hlen die attraktivsten, ges\u00fcndesten und interessantesten Pflanzen aus, um sie auf unserer Website hochzuladen. Unser Ziel ist es, mehrere Bilder jeder Pflanze zu machen, damit unsere Verbraucher die Pflanze aus allen Winkeln sehen und mehr \u00fcber die Pflanzen erfahren k\u00f6nnen, die sie kaufen.  <\/span><\/p>\n<p><span style=\"font-weight: 400;\">Alle ein- und ausgehenden Zahlungen werden von unserer Buchhaltungsabteilung \u00fcberwacht, um sicherzustellen, dass alle Geldfl\u00fcsse von Kunden zu Lieferanten usw. sorgf\u00e4ltig verfolgt werden.<\/span><\/p>\n\t\t\t\t\t\t\t\t<\/div>\n\t\t\t\t<\/div>\n\t\t\t\t\t<\/div>\n\t\t<\/div>\n\t\t\t\t\t<\/div>\n\t\t<\/section>\n\t\t\t\t\t<\/div>\n\t\t<\/div>\n\t\t\t\t\t<\/div>\n\t\t<\/section>\n\t\t\t\t<section class=\"elementor-section elementor-top-section elementor-element elementor-element-acc0418 elementor-section-boxed elementor-section-height-default elementor-section-height-default\" data-id=\"acc0418\" data-element_type=\"section\">\n\t\t\t\t\t\t<div class=\"elementor-container elementor-column-gap-default\">\n\t\t\t\t\t<div class=\"elementor-column elementor-col-100 elementor-top-column elementor-element elementor-element-ada89cf\" data-id=\"ada89cf\" data-element_type=\"column\">\n\t\t\t<div class=\"elementor-widget-wrap elementor-element-populated\">\n\t\t\t\t\t\t<div class=\"elementor-element elementor-element-858993d elementor-widget elementor-widget-heading\" data-id=\"858993d\" data-element_type=\"widget\" data-widget_type=\"heading.default\">\n\t\t\t\t<div class=\"elementor-widget-container\">\n\t\t\t\t\t<h2 class=\"elementor-heading-title elementor-size-default\">Verpackung und Versand<\/h2>\t\t\t\t<\/div>\n\t\t\t\t<\/div>\n\t\t\t\t<section class=\"elementor-section elementor-inner-section elementor-element elementor-element-5e839f1 elementor-section-boxed elementor-section-height-default elementor-section-height-default\" data-id=\"5e839f1\" data-element_type=\"section\">\n\t\t\t\t\t\t<div class=\"elementor-container elementor-column-gap-default\">\n\t\t\t\t\t<div class=\"elementor-column elementor-col-50 elementor-inner-column elementor-element elementor-element-3e77cf1\" data-id=\"3e77cf1\" data-element_type=\"column\">\n\t\t\t<div class=\"elementor-widget-wrap elementor-element-populated\">\n\t\t\t\t\t\t<div class=\"elementor-element elementor-element-8a92347 elementor-widget elementor-widget-text-editor\" data-id=\"8a92347\" data-element_type=\"widget\" data-widget_type=\"text-editor.default\">\n\t\t\t\t<div class=\"elementor-widget-container\">\n\t\t\t\t\t\t\t\t\t<p><span style=\"font-weight: 400;\">Jede Bestellung, die auf der Website, telefonisch oder per E-Mail aufgegeben wird, ist ein wichtiger und angenehmer Prozess. Um die Integrit\u00e4t jeder Pflanze zu bewahren, wird die geeignete Verpackung ausgew\u00e4hlt und der Versand erfolgt so schnell wie m\u00f6glich. <\/span><\/p>\n<p><span style=\"font-weight: 400;\">Um sicherzustellen, dass wir unseren Kunden sch\u00f6ne und gesunde Pflanzen in k\u00fcrzester Zeit zur Verf\u00fcgung stellen, verpacken, \u00fcberpr\u00fcfen und versenden wir sorgf\u00e4ltig mit den sichersten Versandmethoden!<\/span><\/p>\n<p><span style=\"font-weight: 400;\">Wir arbeiten schnell, effizient und gem\u00e4\u00df den Anforderungen unserer Kunden! <\/span><\/p>\n<p><span style=\"font-weight: 400;\">Sie k\u00f6nnen sich immer auf uns verlassen!<\/span><\/p>\n\t\t\t\t\t\t\t\t<\/div>\n\t\t\t\t<\/div>\n\t\t\t\t\t<\/div>\n\t\t<\/div>\n\t\t\t\t<div class=\"elementor-column elementor-col-50 elementor-inner-column elementor-element elementor-element-a347b66\" data-id=\"a347b66\" data-element_type=\"column\">\n\t\t\t<div class=\"elementor-widget-wrap elementor-element-populated\">\n\t\t\t\t\t\t<div class=\"elementor-element elementor-element-ba3d6e2 elementor-widget elementor-widget-image\" data-id=\"ba3d6e2\" data-element_type=\"widget\" data-widget_type=\"image.default\">\n\t\t\t\t<div class=\"elementor-widget-container\">\n\t\t\t\t\t\t\t\t\t\t\t\t\t\t\t<img decoding=\"async\" src=\"https:\/\/www.cactus-online.net\/wp-content\/uploads\/2023\/10\/DSCF5783-scaled.jpg\" title=\"\" alt=\"\" loading=\"lazy\" \/>\t\t\t\t\t\t\t\t\t\t\t\t\t\t\t<\/div>\n\t\t\t\t<\/div>\n\t\t\t\t\t<\/div>\n\t\t<\/div>\n\t\t\t\t\t<\/div>\n\t\t<\/section>\n\t\t\t\t\t<\/div>\n\t\t<\/div>\n\t\t\t\t\t<\/div>\n\t\t<\/section>\n\t\t\t\t<section class=\"elementor-section elementor-top-section elementor-element elementor-element-c8b4c3c elementor-section-boxed elementor-section-height-default elementor-section-height-default\" data-id=\"c8b4c3c\" data-element_type=\"section\">\n\t\t\t\t\t\t<div class=\"elementor-container elementor-column-gap-default\">\n\t\t\t\t\t<div class=\"elementor-column elementor-col-100 elementor-top-column elementor-element elementor-element-f14bac7\" data-id=\"f14bac7\" data-element_type=\"column\">\n\t\t\t<div class=\"elementor-widget-wrap elementor-element-populated\">\n\t\t\t\t\t\t<div class=\"elementor-element elementor-element-e05f1c2 elementor-widget elementor-widget-heading\" data-id=\"e05f1c2\" data-element_type=\"widget\" data-widget_type=\"heading.default\">\n\t\t\t\t<div class=\"elementor-widget-container\">\n\t\t\t\t\t<h2 class=\"elementor-heading-title elementor-size-default\">Wir sind hier<\/h2>\t\t\t\t<\/div>\n\t\t\t\t<\/div>\n\t\t\t\t<section class=\"elementor-section elementor-inner-section elementor-element elementor-element-5b2ac57 elementor-section-boxed elementor-section-height-default elementor-section-height-default\" data-id=\"5b2ac57\" data-element_type=\"section\">\n\t\t\t\t\t\t<div class=\"elementor-container elementor-column-gap-default\">\n\t\t\t\t\t<div class=\"elementor-column elementor-col-50 elementor-inner-column elementor-element elementor-element-589041e\" data-id=\"589041e\" data-element_type=\"column\">\n\t\t\t<div class=\"elementor-widget-wrap elementor-element-populated\">\n\t\t\t\t\t\t<div class=\"elementor-element elementor-element-c0310b9 elementor-widget elementor-widget-image\" data-id=\"c0310b9\" data-element_type=\"widget\" data-widget_type=\"image.default\">\n\t\t\t\t<div class=\"elementor-widget-container\">\n\t\t\t\t\t\t\t\t\t\t\t\t\t\t\t<img decoding=\"async\" width=\"246\" height=\"194\" src=\"https:\/\/www.cactus-online.net\/wp-content\/uploads\/2017\/04\/cactus_logo-04.png\" class=\"attachment-medium size-medium wp-image-1789\" alt=\"\" srcset=\"https:\/\/www.cactus-online.net\/wp-content\/uploads\/2017\/04\/cactus_logo-04.png 246w, https:\/\/www.cactus-online.net\/wp-content\/uploads\/2017\/04\/cactus_logo-04-95x75.png 95w\" sizes=\"(max-width:767px) 246px, 246px\" \/>\t\t\t\t\t\t\t\t\t\t\t\t\t\t\t<\/div>\n\t\t\t\t<\/div>\n\t\t\t\t<div class=\"elementor-element elementor-element-73bd963 elementor-widget elementor-widget-image\" data-id=\"73bd963\" data-element_type=\"widget\" data-widget_type=\"image.default\">\n\t\t\t\t<div class=\"elementor-widget-container\">\n\t\t\t\t\t\t\t\t\t\t\t\t\t\t\t<img decoding=\"async\" src=\"https:\/\/www.cactus-online.net\/wp-content\/uploads\/2023\/10\/Cactuses_Studio-36-scaled.jpg\" title=\"\" alt=\"\" loading=\"lazy\" \/>\t\t\t\t\t\t\t\t\t\t\t\t\t\t\t<\/div>\n\t\t\t\t<\/div>\n\t\t\t\t\t<\/div>\n\t\t<\/div>\n\t\t\t\t<div class=\"elementor-column elementor-col-50 elementor-inner-column elementor-element elementor-element-3eb1467\" data-id=\"3eb1467\" data-element_type=\"column\">\n\t\t\t<div class=\"elementor-widget-wrap elementor-element-populated\">\n\t\t\t\t\t\t<div class=\"elementor-element elementor-element-7964bcb elementor-widget elementor-widget-heading\" data-id=\"7964bcb\" data-element_type=\"widget\" data-widget_type=\"heading.default\">\n\t\t\t\t<div class=\"elementor-widget-container\">\n\t\t\t\t\t<h3 class=\"elementor-heading-title elementor-size-default\"><br><strong>Cactus Online EOOD<\/strong><br>st. Tsar Ivan Asen II 65<br>Markovo<\/h3>\t\t\t\t<\/div>\n\t\t\t\t<\/div>\n\t\t\t\t<div class=\"elementor-element elementor-element-296f021 elementor-widget elementor-widget-heading\" data-id=\"296f021\" data-element_type=\"widget\" data-widget_type=\"heading.default\">\n\t\t\t\t<div class=\"elementor-widget-container\">\n\t\t\t\t\t<h3 class=\"elementor-heading-title elementor-size-default\">Kontakt aufnehmen<\/h3>\t\t\t\t<\/div>\n\t\t\t\t<\/div>\n\t\t\t\t<div class=\"elementor-element elementor-element-0c873ca elementor-widget elementor-widget-shortcode\" data-id=\"0c873ca\" data-element_type=\"widget\" data-widget_type=\"shortcode.default\">\n\t\t\t\t<div class=\"elementor-widget-container\">\n\t\t\t\t\t\t\t<div class=\"elementor-shortcode\">\n<div class=\"wpcf7 no-js\" id=\"wpcf7-f393789-o1\" lang=\"en-US\" dir=\"ltr\" data-wpcf7-id=\"393789\">\n<div class=\"screen-reader-response\"><p role=\"status\" aria-live=\"polite\" aria-atomic=\"true\"><\/p> <ul><\/ul><\/div>\n<form action=\"\/de\/wp-json\/wp\/v2\/pages\/275838#wpcf7-f393789-o1\" method=\"post\" class=\"wpcf7-form init\" aria-label=\"Contact form\" novalidate=\"novalidate\" data-status=\"init\">\n<fieldset class=\"hidden-fields-container\"><input type=\"hidden\" name=\"_wpcf7\" value=\"393789\" \/><input type=\"hidden\" name=\"_wpcf7_version\" value=\"6.1.4\" \/><input type=\"hidden\" name=\"_wpcf7_locale\" value=\"en_US\" \/><input type=\"hidden\" name=\"_wpcf7_unit_tag\" value=\"wpcf7-f393789-o1\" \/><input type=\"hidden\" name=\"_wpcf7_container_post\" value=\"0\" \/><input type=\"hidden\" name=\"_wpcf7_posted_data_hash\" value=\"\" \/><input type=\"hidden\" name=\"_wpcf7_recaptcha_response\" value=\"\" \/>\n<\/fieldset>\n<p><label> Name (required)*<br \/>\n<span class=\"wpcf7-form-control-wrap\" data-name=\"your-name\"><input size=\"40\" maxlength=\"400\" class=\"wpcf7-form-control wpcf7-text wpcf7-validates-as-required\" aria-required=\"true\" aria-invalid=\"false\" placeholder=\"Enter your name\" value=\"\" type=\"text\" name=\"your-name\" \/><\/span> <\/label>\n<\/p>\n<p><label> Email (required)*<br \/>\n<span class=\"wpcf7-form-control-wrap\" data-name=\"your-email\"><input size=\"40\" maxlength=\"400\" class=\"wpcf7-form-control wpcf7-email wpcf7-validates-as-required wpcf7-text wpcf7-validates-as-email\" aria-required=\"true\" aria-invalid=\"false\" placeholder=\"Enter your email\" value=\"\" type=\"email\" name=\"your-email\" \/><\/span> <\/label>\n<\/p>\n<p><label> Subiect<br \/>\n<span class=\"wpcf7-form-control-wrap\" data-name=\"your-subject\"><input size=\"40\" maxlength=\"400\" class=\"wpcf7-form-control wpcf7-text\" aria-invalid=\"false\" placeholder=\"Enter the subject of the question\" value=\"\" type=\"text\" name=\"your-subject\" \/><\/span> <\/label>\n<\/p>\n<p><label> Message<br \/>\n<span class=\"wpcf7-form-control-wrap\" data-name=\"your-message\"><textarea cols=\"40\" rows=\"10\" maxlength=\"2000\" class=\"wpcf7-form-control wpcf7-textarea\" aria-invalid=\"false\" placeholder=\"Please enter your question\" name=\"your-message\"><\/textarea><\/span> <\/label><br \/>\n<input class=\"wpcf7-form-control wpcf7-submit has-spinner\" type=\"submit\" value=\"Send\" \/>\n<\/p><div class=\"wpcf7-response-output\" aria-hidden=\"true\"><\/div>\n<\/form>\n<\/div>\n<\/div>\n\t\t\t\t\t\t<\/div>\n\t\t\t\t<\/div>\n\t\t\t\t\t<\/div>\n\t\t<\/div>\n\t\t\t\t\t<\/div>\n\t\t<\/section>\n\t\t\t\t\t<\/div>\n\t\t<\/div>\n\t\t\t\t\t<\/div>\n\t\t<\/section>\n\t\t\t\t<\/div>\n\t\t","protected":false},"excerpt":{"rendered":"<p>Mein Interesse am Kultivieren von Kakteen und Sukkulenten begann im Jahr 1999, und mit der Zeit erwarb ich eine gro\u00dfe Sammlung von Astrophytum, Gymnocalycium, Copiapoa, Ferocactus<span class=\"excerpt-hellip\"> [\u2026]<\/span><\/p>\n","protected":false},"author":1,"featured_media":0,"parent":0,"menu_order":0,"comment_status":"closed","ping_status":"closed","template":"","meta":{"footnotes":""},"class_list":["post-275838","page","type-page","status-publish","hentry"],"_links":{"self":[{"href":"https:\/\/www.cactus-online.net\/de\/wp-json\/wp\/v2\/pages\/275838","targetHints":{"allow":["GET"]}}],"collection":[{"href":"https:\/\/www.cactus-online.net\/de\/wp-json\/wp\/v2\/pages"}],"about":[{"href":"https:\/\/www.cactus-online.net\/de\/wp-json\/wp\/v2\/types\/page"}],"author":[{"embeddable":true,"href":"https:\/\/www.cactus-online.net\/de\/wp-json\/wp\/v2\/users\/1"}],"replies":[{"embeddable":true,"href":"https:\/\/www.cactus-online.net\/de\/wp-json\/wp\/v2\/comments?post=275838"}],"version-history":[{"count":3,"href":"https:\/\/www.cactus-online.net\/de\/wp-json\/wp\/v2\/pages\/275838\/revisions"}],"predecessor-version":[{"id":473328,"href":"https:\/\/www.cactus-online.net\/de\/wp-json\/wp\/v2\/pages\/275838\/revisions\/473328"}],"wp:attachment":[{"href":"https:\/\/www.cactus-online.net\/de\/wp-json\/wp\/v2\/media?parent=275838"}],"curies":[{"name":"wp","href":"https:\/\/api.w.org\/{rel}","templated":true}]}}