{"id":361241,"date":"2024-02-14T10:59:36","date_gmt":"2024-02-14T08:59:36","guid":{"rendered":"https:\/\/www.cactus-online.net\/wiki\/"},"modified":"2024-02-14T10:59:36","modified_gmt":"2024-02-14T08:59:36","slug":"wiki","status":"publish","type":"page","link":"https:\/\/www.cactus-online.net\/es\/wiki\/","title":{"rendered":"Wiki"},"content":{"rendered":"\t\t<div data-elementor-type=\"wp-page\" data-elementor-id=\"361241\" class=\"elementor elementor-361241 elementor-355148\">\n\t\t\t\t\t\t<section class=\"elementor-section elementor-top-section elementor-element elementor-element-d8f9c88 elementor-section-boxed elementor-section-height-default elementor-section-height-default\" data-id=\"d8f9c88\" data-element_type=\"section\">\n\t\t\t\t\t\t<div class=\"elementor-container elementor-column-gap-default\">\n\t\t\t\t\t<div class=\"elementor-column elementor-col-100 elementor-top-column elementor-element elementor-element-4b58dba\" data-id=\"4b58dba\" data-element_type=\"column\">\n\t\t\t<div class=\"elementor-widget-wrap elementor-element-populated\">\n\t\t\t\t\t\t<div class=\"elementor-element elementor-element-2cccbd1 elementor-widget elementor-widget-mfn_blog\" data-id=\"2cccbd1\" data-element_type=\"widget\" data-widget_type=\"mfn_blog.default\">\n\t\t\t\t<div class=\"elementor-widget-container\">\n\t\t\t\t\t<div class=\"column_filters\"><div class=\"blog_wrapper isotope_wrapper clearfix\"><div class=\"posts_group lm_wrapper element_classes col-3 grid\"><article class=\"post post-item isotope-item clearfix no-img category-1121 post-483653 type-post status-publish format-standard hentry category-wiki-es\" style=\"\"><div class=\"date_label\">abril 26, 2024<\/div><div class=\"image_frame post-photo-wrapper scale-with-grid image\"><div class=\"image_wrapper\"><\/div><\/div><div class=\"post-desc-wrapper bg- has-custom-bg\" style=\"\"><div class=\"post-desc\"><div class=\"post-head\"><div class=\"post-meta clearfix\"><div class=\"author-date\"><span class=\"vcard author post-author\"><span class=\"label\">Published by <\/span><i class=\"icon-user\" aria-label=\"author\"><\/i> <span class=\"fn\"><a href=\"https:\/\/www.cactus-online.net\/es\/author\/admin\/\">admin<\/a><\/span><\/span> <span class=\"date\"><span class=\"label\">on <\/span><i class=\"icon-clock\"><\/i> <span class=\"post-date updated\">abril 26, 2024<\/span><\/span><\/div><div class=\"category\"><span class=\"cat-btn\">Categories <i class=\"icon-down-dir\" aria-hidden=\"true\"><\/i><\/span><div class=\"cat-wrapper\"><ul class=\"post-categories\">\n\t<li><a href=\"https:\/\/www.cactus-online.net\/es\/category\/wiki-es\/\" rel=\"category tag\">wiki<\/a><\/li><\/ul><\/div><\/div><\/div><\/div><div class=\"post-title\"><h2 class=\"entry-title \" itemprop=\"headline\"><a href=\"https:\/\/www.cactus-online.net\/es\/polinizacion-de-plantas-del-genero-euphorbia\/\">Polinizaci\u00f3n de plantas del g\u00e9nero Euphorbia.<\/a><\/h2><\/div><div class=\"post-excerpt\">Polinizaci\u00f3n de plantas del g\u00e9nero Euphorbia. Introducci\u00f3n. El g\u00e9nero Euphorbia, tambi\u00e9n conocido como euforbia, es uno de los g\u00e9neros m\u00e1s diversos y extendidos en la familia<span class=\"excerpt-hellip\"> [\u2026]<\/span><\/div><div class=\"post-footer\"><div class=\"button-love\"><span class=\"love-text\">Do you like it?<\/span><a href=\"#\" class=\"mfn-love \" data-id=\"483653\"><span class=\"icons-wrapper\"><i class=\"icon-heart-empty-fa\"><\/i><i class=\"icon-heart-fa\"><\/i><\/span><span class=\"label\">1<\/span><\/a><\/div><div class=\"post-links\"><i class=\"read-more-icon icon-doc-text\" aria-hidden=\"true\"><\/i> <a href=\"https:\/\/www.cactus-online.net\/es\/polinizacion-de-plantas-del-genero-euphorbia\/\" class=\"post-more\">Read more<\/a><\/div><\/div><\/div><\/div><\/article><article class=\"post post-item isotope-item clearfix no-img category-1121 post-483651 type-post status-publish format-standard hentry category-wiki-es\" style=\"\"><div class=\"date_label\">abril 26, 2024<\/div><div class=\"image_frame post-photo-wrapper scale-with-grid image\"><div class=\"image_wrapper\"><\/div><\/div><div class=\"post-desc-wrapper bg- has-custom-bg\" style=\"\"><div class=\"post-desc\"><div class=\"post-head\"><div class=\"post-meta clearfix\"><div class=\"author-date\"><span class=\"vcard author post-author\"><span class=\"label\">Published by <\/span><i class=\"icon-user\" aria-label=\"author\"><\/i> <span class=\"fn\"><a href=\"https:\/\/www.cactus-online.net\/es\/author\/admin\/\">admin<\/a><\/span><\/span> <span class=\"date\"><span class=\"label\">on <\/span><i class=\"icon-clock\"><\/i> <span class=\"post-date updated\">abril 26, 2024<\/span><\/span><\/div><div class=\"category\"><span class=\"cat-btn\">Categories <i class=\"icon-down-dir\" aria-hidden=\"true\"><\/i><\/span><div class=\"cat-wrapper\"><ul class=\"post-categories\">\n\t<li><a href=\"https:\/\/www.cactus-online.net\/es\/category\/wiki-es\/\" rel=\"category tag\">wiki<\/a><\/li><\/ul><\/div><\/div><\/div><\/div><div class=\"post-title\"><h2 class=\"entry-title \" itemprop=\"headline\"><a href=\"https:\/\/www.cactus-online.net\/es\/haworthia-de-semillas\/\">Haworthia de semillas.<\/a><\/h2><\/div><div class=\"post-excerpt\">El cultivo de Haworthias a partir de semillas implica varios pasos: Preparaci\u00f3n del suelo: Elija un suelo ligero y bien drenado adecuado para suculentas. Puede usar<span class=\"excerpt-hellip\"> [\u2026]<\/span><\/div><div class=\"post-footer\"><div class=\"button-love\"><span class=\"love-text\">Do you like it?<\/span><a href=\"#\" class=\"mfn-love \" data-id=\"483651\"><span class=\"icons-wrapper\"><i class=\"icon-heart-empty-fa\"><\/i><i class=\"icon-heart-fa\"><\/i><\/span><span class=\"label\">1<\/span><\/a><\/div><div class=\"post-links\"><i class=\"read-more-icon icon-doc-text\" aria-hidden=\"true\"><\/i> <a href=\"https:\/\/www.cactus-online.net\/es\/haworthia-de-semillas\/\" class=\"post-more\">Read more<\/a><\/div><\/div><\/div><\/div><\/article><article class=\"post post-item isotope-item clearfix no-img category-1121 post-483649 type-post status-publish format-standard hentry category-wiki-es\" style=\"\"><div class=\"date_label\">abril 26, 2024<\/div><div class=\"image_frame post-photo-wrapper scale-with-grid image\"><div class=\"image_wrapper\"><\/div><\/div><div class=\"post-desc-wrapper bg- has-custom-bg\" style=\"\"><div class=\"post-desc\"><div class=\"post-head\"><div class=\"post-meta clearfix\"><div class=\"author-date\"><span class=\"vcard author post-author\"><span class=\"label\">Published by <\/span><i class=\"icon-user\" aria-label=\"author\"><\/i> <span class=\"fn\"><a href=\"https:\/\/www.cactus-online.net\/es\/author\/admin\/\">admin<\/a><\/span><\/span> <span class=\"date\"><span class=\"label\">on <\/span><i class=\"icon-clock\"><\/i> <span class=\"post-date updated\">abril 26, 2024<\/span><\/span><\/div><div class=\"category\"><span class=\"cat-btn\">Categories <i class=\"icon-down-dir\" aria-hidden=\"true\"><\/i><\/span><div class=\"cat-wrapper\"><ul class=\"post-categories\">\n\t<li><a href=\"https:\/\/www.cactus-online.net\/es\/category\/wiki-es\/\" rel=\"category tag\">wiki<\/a><\/li><\/ul><\/div><\/div><\/div><\/div><div class=\"post-title\"><h2 class=\"entry-title \" itemprop=\"headline\"><a href=\"https:\/\/www.cactus-online.net\/es\/plan-de-control-de-plagas-y-mantenimiento\/\">Plan de Control de Plagas y Mantenimiento<\/a><\/h2><\/div><div class=\"post-excerpt\">Plan de Tratamiento de Primavera para Cactus y Suculentas contra Plagas. Plan para el tratamiento de primavera de las plantas, el cual discutiremos en detalle durante<span class=\"excerpt-hellip\"> [\u2026]<\/span><\/div><div class=\"post-footer\"><div class=\"button-love\"><span class=\"love-text\">Do you like it?<\/span><a href=\"#\" class=\"mfn-love \" data-id=\"483649\"><span class=\"icons-wrapper\"><i class=\"icon-heart-empty-fa\"><\/i><i class=\"icon-heart-fa\"><\/i><\/span><span class=\"label\">1<\/span><\/a><\/div><div class=\"post-links\"><i class=\"read-more-icon icon-doc-text\" aria-hidden=\"true\"><\/i> <a href=\"https:\/\/www.cactus-online.net\/es\/plan-de-control-de-plagas-y-mantenimiento\/\" class=\"post-more\">Read more<\/a><\/div><\/div><\/div><\/div><\/article><article class=\"post post-item isotope-item clearfix no-img category-1121 post-483644 type-post status-publish format-standard hentry category-wiki-es\" style=\"\"><div class=\"date_label\">abril 26, 2024<\/div><div class=\"image_frame post-photo-wrapper scale-with-grid image\"><div class=\"image_wrapper\"><\/div><\/div><div class=\"post-desc-wrapper bg- has-custom-bg\" style=\"\"><div class=\"post-desc\"><div class=\"post-head\"><div class=\"post-meta clearfix\"><div class=\"author-date\"><span class=\"vcard author post-author\"><span class=\"label\">Published by <\/span><i class=\"icon-user\" aria-label=\"author\"><\/i> <span class=\"fn\"><a href=\"https:\/\/www.cactus-online.net\/es\/author\/admin\/\">admin<\/a><\/span><\/span> <span class=\"date\"><span class=\"label\">on <\/span><i class=\"icon-clock\"><\/i> <span class=\"post-date updated\">abril 26, 2024<\/span><\/span><\/div><div class=\"category\"><span class=\"cat-btn\">Categories <i class=\"icon-down-dir\" aria-hidden=\"true\"><\/i><\/span><div class=\"cat-wrapper\"><ul class=\"post-categories\">\n\t<li><a href=\"https:\/\/www.cactus-online.net\/es\/category\/wiki-es\/\" rel=\"category tag\">wiki<\/a><\/li><\/ul><\/div><\/div><\/div><\/div><div class=\"post-title\"><h2 class=\"entry-title \" itemprop=\"headline\"><a href=\"https:\/\/www.cactus-online.net\/es\/osmocote-exact\/\">Osmocote Exact<\/a><\/h2><\/div><div class=\"post-excerpt\">Osmocote: Prospere con sus cactus y suculentas con efecto de larga duraci\u00f3n. En el mundo de la jardiner\u00eda interior, los cactus y suculentas ocupan un lugar<span class=\"excerpt-hellip\"> [\u2026]<\/span><\/div><div class=\"post-footer\"><div class=\"button-love\"><span class=\"love-text\">Do you like it?<\/span><a href=\"#\" class=\"mfn-love \" data-id=\"483644\"><span class=\"icons-wrapper\"><i class=\"icon-heart-empty-fa\"><\/i><i class=\"icon-heart-fa\"><\/i><\/span><span class=\"label\">1<\/span><\/a><\/div><div class=\"post-links\"><i class=\"read-more-icon icon-doc-text\" aria-hidden=\"true\"><\/i> <a href=\"https:\/\/www.cactus-online.net\/es\/osmocote-exact\/\" class=\"post-more\">Read more<\/a><\/div><\/div><\/div><\/div><\/article><article class=\"post post-item isotope-item clearfix no-img category-1121 post-483642 type-post status-publish format-standard hentry category-wiki-es\" style=\"\"><div class=\"date_label\">abril 26, 2024<\/div><div class=\"image_frame post-photo-wrapper scale-with-grid image\"><div class=\"image_wrapper\"><\/div><\/div><div class=\"post-desc-wrapper bg- has-custom-bg\" style=\"\"><div class=\"post-desc\"><div class=\"post-head\"><div class=\"post-meta clearfix\"><div class=\"author-date\"><span class=\"vcard author post-author\"><span class=\"label\">Published by <\/span><i class=\"icon-user\" aria-label=\"author\"><\/i> <span class=\"fn\"><a href=\"https:\/\/www.cactus-online.net\/es\/author\/admin\/\">admin<\/a><\/span><\/span> <span class=\"date\"><span class=\"label\">on <\/span><i class=\"icon-clock\"><\/i> <span class=\"post-date updated\">abril 26, 2024<\/span><\/span><\/div><div class=\"category\"><span class=\"cat-btn\">Categories <i class=\"icon-down-dir\" aria-hidden=\"true\"><\/i><\/span><div class=\"cat-wrapper\"><ul class=\"post-categories\">\n\t<li><a href=\"https:\/\/www.cactus-online.net\/es\/category\/wiki-es\/\" rel=\"category tag\">wiki<\/a><\/li><\/ul><\/div><\/div><\/div><\/div><div class=\"post-title\"><h2 class=\"entry-title \" itemprop=\"headline\"><a href=\"https:\/\/www.cactus-online.net\/es\/proteccion-en-primavera\/\">Protecci\u00f3n en primavera<\/a><\/h2><\/div><div class=\"post-excerpt\">La primavera ha llegado y r\u00e1pidamente una multitud de cactus y suculentas est\u00e1n cubiertos de brotes y flores. La primavera es un per\u00edodo de crecimiento activo<span class=\"excerpt-hellip\"> [\u2026]<\/span><\/div><div class=\"post-footer\"><div class=\"button-love\"><span class=\"love-text\">Do you like it?<\/span><a href=\"#\" class=\"mfn-love \" data-id=\"483642\"><span class=\"icons-wrapper\"><i class=\"icon-heart-empty-fa\"><\/i><i class=\"icon-heart-fa\"><\/i><\/span><span class=\"label\">1<\/span><\/a><\/div><div class=\"post-links\"><i class=\"read-more-icon icon-doc-text\" aria-hidden=\"true\"><\/i> <a href=\"https:\/\/www.cactus-online.net\/es\/proteccion-en-primavera\/\" class=\"post-more\">Read more<\/a><\/div><\/div><\/div><\/div><\/article><article class=\"post post-item isotope-item clearfix no-img category-1121 post-483640 type-post status-publish format-standard hentry category-wiki-es\" style=\"\"><div class=\"date_label\">abril 26, 2024<\/div><div class=\"image_frame post-photo-wrapper scale-with-grid image\"><div class=\"image_wrapper\"><\/div><\/div><div class=\"post-desc-wrapper bg- has-custom-bg\" style=\"\"><div class=\"post-desc\"><div class=\"post-head\"><div class=\"post-meta clearfix\"><div class=\"author-date\"><span class=\"vcard author post-author\"><span class=\"label\">Published by <\/span><i class=\"icon-user\" aria-label=\"author\"><\/i> <span class=\"fn\"><a href=\"https:\/\/www.cactus-online.net\/es\/author\/admin\/\">admin<\/a><\/span><\/span> <span class=\"date\"><span class=\"label\">on <\/span><i class=\"icon-clock\"><\/i> <span class=\"post-date updated\">abril 26, 2024<\/span><\/span><\/div><div class=\"category\"><span class=\"cat-btn\">Categories <i class=\"icon-down-dir\" aria-hidden=\"true\"><\/i><\/span><div class=\"cat-wrapper\"><ul class=\"post-categories\">\n\t<li><a href=\"https:\/\/www.cactus-online.net\/es\/category\/wiki-es\/\" rel=\"category tag\">wiki<\/a><\/li><\/ul><\/div><\/div><\/div><\/div><div class=\"post-title\"><h2 class=\"entry-title \" itemprop=\"headline\"><a href=\"https:\/\/www.cactus-online.net\/es\/pasos-para-cuidar-de-las-suculentas-en-primavera\/\">Pasos para cuidar de las suculentas en primavera.<\/a><\/h2><\/div><div class=\"post-excerpt\">Los pasos principales para cuidar de las suculentas en primavera: Riego: Despu\u00e9s del per\u00edodo m\u00e1s seco del invierno, puedes aumentar ligeramente la frecuencia de riego, de<span class=\"excerpt-hellip\"> [\u2026]<\/span><\/div><div class=\"post-footer\"><div class=\"button-love\"><span class=\"love-text\">Do you like it?<\/span><a href=\"#\" class=\"mfn-love \" data-id=\"483640\"><span class=\"icons-wrapper\"><i class=\"icon-heart-empty-fa\"><\/i><i class=\"icon-heart-fa\"><\/i><\/span><span class=\"label\">1<\/span><\/a><\/div><div class=\"post-links\"><i class=\"read-more-icon icon-doc-text\" aria-hidden=\"true\"><\/i> <a href=\"https:\/\/www.cactus-online.net\/es\/pasos-para-cuidar-de-las-suculentas-en-primavera\/\" class=\"post-more\">Read more<\/a><\/div><\/div><\/div><\/div><\/article><\/div><div class=\"column one pager_wrapper\"><div class=\"pager\"><div class=\"pages\"><a href=\"https:\/\/www.cactus-online.net\/es\/wp-json\/wp\/v2\/pages\/361241\/\" class=\"page active\">1<\/a><a href=\"https:\/\/www.cactus-online.net\/es\/wp-json\/wp\/v2\/pages\/361241\/page\/2\/\" class=\"page\">2<\/a><a href=\"https:\/\/www.cactus-online.net\/es\/wp-json\/wp\/v2\/pages\/361241\/page\/3\/\" class=\"page\">3<\/a><a href=\"https:\/\/www.cactus-online.net\/es\/wp-json\/wp\/v2\/pages\/361241\/page\/4\/\" class=\"page\">4<\/a><\/div><a rel=\"next\" class=\"next_page\" href=\"https:\/\/www.cactus-online.net\/es\/wp-json\/wp\/v2\/pages\/361241\/page\/2\/\">Next page<i class=\"icon-right-open\" aria-hidden=\"true\"><\/i><\/a><\/div><\/div>\n<\/div>\n<\/div>\n\t\t\t\t<\/div>\n\t\t\t\t<\/div>\n\t\t\t\t\t<\/div>\n\t\t<\/div>\n\t\t\t\t\t<\/div>\n\t\t<\/section>\n\t\t\t\t<\/div>\n\t\t","protected":false},"excerpt":{"rendered":"<p>January 17, 2024 Published by admin on January 17, 2024Categories wiki Tillandsia Tillandsias are air plants that are characterized by their easy cultivation and unique beauty.<span class=\"excerpt-hellip\"> [\u2026]<\/span><\/p>\n","protected":false},"author":1,"featured_media":0,"parent":0,"menu_order":0,"comment_status":"closed","ping_status":"closed","template":"","meta":{"footnotes":""},"class_list":["post-361241","page","type-page","status-publish","hentry"],"_links":{"self":[{"href":"https:\/\/www.cactus-online.net\/es\/wp-json\/wp\/v2\/pages\/361241","targetHints":{"allow":["GET"]}}],"collection":[{"href":"https:\/\/www.cactus-online.net\/es\/wp-json\/wp\/v2\/pages"}],"about":[{"href":"https:\/\/www.cactus-online.net\/es\/wp-json\/wp\/v2\/types\/page"}],"author":[{"embeddable":true,"href":"https:\/\/www.cactus-online.net\/es\/wp-json\/wp\/v2\/users\/1"}],"replies":[{"embeddable":true,"href":"https:\/\/www.cactus-online.net\/es\/wp-json\/wp\/v2\/comments?post=361241"}],"version-history":[{"count":1,"href":"https:\/\/www.cactus-online.net\/es\/wp-json\/wp\/v2\/pages\/361241\/revisions"}],"predecessor-version":[{"id":361242,"href":"https:\/\/www.cactus-online.net\/es\/wp-json\/wp\/v2\/pages\/361241\/revisions\/361242"}],"wp:attachment":[{"href":"https:\/\/www.cactus-online.net\/es\/wp-json\/wp\/v2\/media?parent=361241"}],"curies":[{"name":"wp","href":"https:\/\/api.w.org\/{rel}","templated":true}]}}