{"id":316265,"date":"2024-01-19T14:24:21","date_gmt":"2024-01-19T12:24:21","guid":{"rendered":"https:\/\/www.cactus-online.net\/a-propos-de-nous\/"},"modified":"2024-05-24T11:00:10","modified_gmt":"2024-05-24T08:00:10","slug":"a-propos-de-nous","status":"publish","type":"page","link":"https:\/\/www.cactus-online.net\/fr\/a-propos-de-nous\/","title":{"rendered":"\u00c0 propos de nous"},"content":{"rendered":"\t\t<div data-elementor-type=\"wp-page\" data-elementor-id=\"316265\" class=\"elementor elementor-316265 elementor-24451\">\n\t\t\t\t\t\t<section class=\"elementor-section elementor-top-section elementor-element elementor-element-4edf7f5 elementor-section-boxed elementor-section-height-default elementor-section-height-default\" data-id=\"4edf7f5\" data-element_type=\"section\">\n\t\t\t\t\t\t<div class=\"elementor-container elementor-column-gap-default\">\n\t\t\t\t\t<div class=\"elementor-column elementor-col-50 elementor-top-column elementor-element elementor-element-2976ae4\" data-id=\"2976ae4\" data-element_type=\"column\">\n\t\t\t<div class=\"elementor-widget-wrap elementor-element-populated\">\n\t\t\t\t\t\t<div class=\"elementor-element elementor-element-e96bf6c elementor-widget elementor-widget-text-editor\" data-id=\"e96bf6c\" data-element_type=\"widget\" data-widget_type=\"text-editor.default\">\n\t\t\t\t<div class=\"elementor-widget-container\">\n\t\t\t\t\t\t\t\t\t<p><strong><i>Mon int\u00e9r\u00eat pour la culture des cactus et des plantes grasses a commenc\u00e9 en 1999, et au fil du temps, j&rsquo;ai acquis une grande collection d&rsquo;Astrophytum, de Gymnocalycium, de Copiapoa, de Ferocactus et d&rsquo;autres esp\u00e8ces.<\/i><\/strong><\/p>\n<p><strong><i>La croissance a continu\u00e9 avec les plantes succulentes et les plantes mesemba. Au fil du temps, j&rsquo;ai d\u00fb construire une nouvelle serre pour mes alo\u00e8s, mes haworthias et mes plantes caudex.  <\/i><\/strong><\/p>\n<p><strong><i>Aujourd&rsquo;hui, je poss\u00e8de une collection de plus de 100 000 plantes, et je propose une grande vari\u00e9t\u00e9 d&rsquo;entre elles, notamment des plantes Haworthia, des Lithops, des Conophytums, des Aloes, des Echeveria, des Crassula, des plantes Adromychus, ainsi qu&rsquo;une grande vari\u00e9t\u00e9 d&rsquo;hybrides Astrophytum, de jeunes plants de Gymnocalycium, de Neoporterias, de jeunes plants de Telocephala, et bien d&rsquo;autres encore. <\/i><\/strong><\/p>\n<p><strong><i>Mon int\u00e9r\u00eat pour la collection de cactus et de plantes grasses a donn\u00e9 naissance \u00e0 l&rsquo;entreprise Cactus Online EOOD lorsque j&rsquo;ai d\u00e9m\u00e9nag\u00e9 de l&rsquo;Ukraine en Bulgarie en 2015.<\/i><\/strong><\/p>\n<p><strong><i>La s\u00e9lection d&rsquo;accessoires \u00e0 th\u00e8me de cactus est \u00e9galement tr\u00e8s \u00e9tendue.<\/i><\/strong><\/p>\n<p><strong><i>Depuis 2018, j&rsquo;ai une \u00e9quipe de professionnels qui m&rsquo;aide \u00e0 prendre soin des plantes et \u00e0 maintenir la boutique en ligne \u00e0 jour.<\/i><\/strong><\/p>\n<p><strong><i>Nata Ellis<\/i><\/strong><\/p>\n\t\t\t\t\t\t\t\t<\/div>\n\t\t\t\t<\/div>\n\t\t\t\t\t<\/div>\n\t\t<\/div>\n\t\t\t\t<div class=\"elementor-column elementor-col-50 elementor-top-column elementor-element elementor-element-46d1b18\" data-id=\"46d1b18\" data-element_type=\"column\">\n\t\t\t<div class=\"elementor-widget-wrap elementor-element-populated\">\n\t\t\t\t\t\t<div class=\"elementor-element elementor-element-1d510f8 elementor-widget__width-initial elementor-widget elementor-widget-image\" data-id=\"1d510f8\" data-element_type=\"widget\" data-widget_type=\"image.default\">\n\t\t\t\t<div class=\"elementor-widget-container\">\n\t\t\t\t\t\t\t\t\t\t\t\t\t\t\t<img decoding=\"async\" src=\"https:\/\/www.cactus-online.net\/wp-content\/uploads\/2023\/10\/DSCF5490-scaled.jpg\" title=\"\" alt=\"\" loading=\"lazy\" \/>\t\t\t\t\t\t\t\t\t\t\t\t\t\t\t<\/div>\n\t\t\t\t<\/div>\n\t\t\t\t\t<\/div>\n\t\t<\/div>\n\t\t\t\t\t<\/div>\n\t\t<\/section>\n\t\t\t\t<section class=\"elementor-section elementor-top-section elementor-element elementor-element-85a3cfc elementor-section-boxed elementor-section-height-default elementor-section-height-default\" data-id=\"85a3cfc\" data-element_type=\"section\">\n\t\t\t\t\t\t<div class=\"elementor-container elementor-column-gap-default\">\n\t\t\t\t\t<div class=\"elementor-column elementor-col-50 elementor-top-column elementor-element elementor-element-e1409ed\" data-id=\"e1409ed\" data-element_type=\"column\">\n\t\t\t<div class=\"elementor-widget-wrap elementor-element-populated\">\n\t\t\t\t\t\t<div class=\"elementor-element elementor-element-0553899 elementor-widget elementor-widget-image\" data-id=\"0553899\" data-element_type=\"widget\" data-widget_type=\"image.default\">\n\t\t\t\t<div class=\"elementor-widget-container\">\n\t\t\t\t\t\t\t\t\t\t\t\t\t\t\t<img decoding=\"async\" src=\"https:\/\/www.cactus-online.net\/wp-content\/uploads\/2023\/10\/DSCF5548-scaled.jpg\" title=\"\" alt=\"\" loading=\"lazy\" \/>\t\t\t\t\t\t\t\t\t\t\t\t\t\t\t<\/div>\n\t\t\t\t<\/div>\n\t\t\t\t\t<\/div>\n\t\t<\/div>\n\t\t\t\t<div class=\"elementor-column elementor-col-50 elementor-top-column elementor-element elementor-element-400d996\" data-id=\"400d996\" data-element_type=\"column\">\n\t\t\t<div class=\"elementor-widget-wrap elementor-element-populated\">\n\t\t\t\t\t\t<div class=\"elementor-element elementor-element-665a1f0 elementor-widget elementor-widget-text-editor\" data-id=\"665a1f0\" data-element_type=\"widget\" data-widget_type=\"text-editor.default\">\n\t\t\t\t<div class=\"elementor-widget-container\">\n\t\t\t\t\t\t\t\t\t<p><span style=\"font-weight: 400;\">Chez Cactus Online Ltd, nous envoyons des plantes dans le monde entier (\u00e0 l&rsquo;exception de Singapour et de l&rsquo;Australie, pour lesquels je pr\u00e9sente mes excuses). <\/span><span style=\"font-weight: 400;\">Nous fournissons un envoi postal recommand\u00e9 avec un certificat phytosanitaire (13 euros par envoi pour les pays non membres de l&rsquo;Union europ\u00e9enne). <\/span><span style=\"font-weight: 400;\">Arriv\u00e9e rapide, emballage excellent et plantes en bonne sant\u00e9. C&rsquo;est notre principe directeur et notre norme. <\/span><\/p>\n<p><span style=\"font-weight: 400;\">En seulement trois ans, l&rsquo;\u00e9quipe est pass\u00e9e \u00e0 neuf membres et est devenue une famille soud\u00e9e o\u00f9 chacun se soutient mutuellement et c\u00e9l\u00e8bre les succ\u00e8s et les r\u00e9alisations de l&rsquo;\u00e9quipe. <\/span><span style=\"font-weight: 400;\">Nous prenons toujours en compte les retours de nos clients.<\/span><\/p>\n<p><span style=\"font-weight: 400;\">Tout ce qui est nouveau et passionnant retient toute notre attention. Nos ajouts mensuels de plantes \u00e0 la serre garantissent que la collection est toujours fra\u00eeche et intrigante. Nous rendons nos clients heureux en leur donnant la possibilit\u00e9 de constituer leur propre collection unique, en commen\u00e7ant par des cactus et des plantes grasses jusqu&rsquo;aux b\u00e9gonias et aux bonsa\u00efs.  <\/span><\/p>\n\t\t\t\t\t\t\t\t<\/div>\n\t\t\t\t<\/div>\n\t\t\t\t\t<\/div>\n\t\t<\/div>\n\t\t\t\t\t<\/div>\n\t\t<\/section>\n\t\t\t\t<section class=\"elementor-section elementor-top-section elementor-element elementor-element-92aa622 elementor-section-boxed elementor-section-height-default elementor-section-height-default\" data-id=\"92aa622\" data-element_type=\"section\">\n\t\t\t\t\t\t<div class=\"elementor-container elementor-column-gap-default\">\n\t\t\t\t\t<div class=\"elementor-column elementor-col-100 elementor-top-column elementor-element elementor-element-da1862c\" data-id=\"da1862c\" data-element_type=\"column\">\n\t\t\t<div class=\"elementor-widget-wrap elementor-element-populated\">\n\t\t\t\t\t\t<div class=\"elementor-element elementor-element-676e8e4 elementor-widget elementor-widget-heading\" data-id=\"676e8e4\" data-element_type=\"widget\" data-widget_type=\"heading.default\">\n\t\t\t\t<div class=\"elementor-widget-container\">\n\t\t\t\t\t<h2 class=\"elementor-heading-title elementor-size-default\">Production<\/h2>\t\t\t\t<\/div>\n\t\t\t\t<\/div>\n\t\t\t\t\t<\/div>\n\t\t<\/div>\n\t\t\t\t\t<\/div>\n\t\t<\/section>\n\t\t\t\t<section class=\"elementor-section elementor-top-section elementor-element elementor-element-79a902f elementor-section-boxed elementor-section-height-default elementor-section-height-default\" data-id=\"79a902f\" data-element_type=\"section\">\n\t\t\t\t\t\t<div class=\"elementor-container elementor-column-gap-default\">\n\t\t\t\t\t<div class=\"elementor-column elementor-col-50 elementor-top-column elementor-element elementor-element-9b0033f\" data-id=\"9b0033f\" data-element_type=\"column\">\n\t\t\t<div class=\"elementor-widget-wrap elementor-element-populated\">\n\t\t\t\t\t\t<div class=\"elementor-element elementor-element-8142b50 elementor-widget elementor-widget-text-editor\" data-id=\"8142b50\" data-element_type=\"widget\" data-widget_type=\"text-editor.default\">\n\t\t\t\t<div class=\"elementor-widget-container\">\n\t\t\t\t\t\t\t\t\t<p><span style=\"font-weight: 400;\">Notre entreprise repose sur l&rsquo;expertise et la collection de plantes de notre fondatrice, Nata Ellis, qui est dans le m\u00e9tier depuis plus de deux d\u00e9cennies, ainsi que sur celle de nos sp\u00e9cialistes, l&rsquo;agronome Sabina Paraskova et le consultant titulaire d&rsquo;un doctorat en biologie, Yaroslav Avekin. <\/span><\/p>\n<p>Notre \u00e9quipe de sp\u00e9cialistes est occup\u00e9e \u00e0 faire pousser des plantes \u00e0 partir de graines, \u00e0 r\u00e9aliser des pollinisations, \u00e0 cr\u00e9er nos propres graines \u00e0 partir d&rsquo;esp\u00e8ces pures ainsi que des hybrides uniques, qui, apr\u00e8s le semis et la s\u00e9lection des plantes les plus int\u00e9ressantes, sont lanc\u00e9s en production de masse et sont vendus.<\/p>\n<p>La superficie totale de nos serres est de 450 m\u00e8tres carr\u00e9s, et chaque ann\u00e9e, nous ajoutons de nouvelles serres d&rsquo;une superficie de 150 \u00e0 200 m\u00e8tres carr\u00e9s, \u00e9largissant ainsi notre assortiment de plantes.  <\/p>\n\t\t\t\t\t\t\t\t<\/div>\n\t\t\t\t<\/div>\n\t\t\t\t\t<\/div>\n\t\t<\/div>\n\t\t\t\t<div class=\"elementor-column elementor-col-50 elementor-top-column elementor-element elementor-element-afb10f3\" data-id=\"afb10f3\" data-element_type=\"column\">\n\t\t\t<div class=\"elementor-widget-wrap elementor-element-populated\">\n\t\t\t\t\t\t<div class=\"elementor-element elementor-element-172c1c7 elementor-widget elementor-widget-image\" data-id=\"172c1c7\" data-element_type=\"widget\" data-widget_type=\"image.default\">\n\t\t\t\t<div class=\"elementor-widget-container\">\n\t\t\t\t\t\t\t\t\t\t\t\t\t\t\t<img decoding=\"async\" src=\"https:\/\/www.cactus-online.net\/wp-content\/uploads\/2023\/10\/DSCF5575-scaled.jpg\" title=\"\" alt=\"\" loading=\"lazy\" \/>\t\t\t\t\t\t\t\t\t\t\t\t\t\t\t<\/div>\n\t\t\t\t<\/div>\n\t\t\t\t\t<\/div>\n\t\t<\/div>\n\t\t\t\t\t<\/div>\n\t\t<\/section>\n\t\t\t\t<section class=\"elementor-section elementor-top-section elementor-element elementor-element-1111fd6 elementor-section-boxed elementor-section-height-default elementor-section-height-default\" data-id=\"1111fd6\" data-element_type=\"section\">\n\t\t\t\t\t\t<div class=\"elementor-container elementor-column-gap-default\">\n\t\t\t\t\t<div class=\"elementor-column elementor-col-100 elementor-top-column elementor-element elementor-element-4566695\" data-id=\"4566695\" data-element_type=\"column\">\n\t\t\t<div class=\"elementor-widget-wrap elementor-element-populated\">\n\t\t\t\t\t\t<div class=\"elementor-element elementor-element-109101f elementor-widget elementor-widget-heading\" data-id=\"109101f\" data-element_type=\"widget\" data-widget_type=\"heading.default\">\n\t\t\t\t<div class=\"elementor-widget-container\">\n\t\t\t\t\t<h2 class=\"elementor-heading-title elementor-size-default\">Surveillance et s\u00e9lection<\/h2>\t\t\t\t<\/div>\n\t\t\t\t<\/div>\n\t\t\t\t<section class=\"elementor-section elementor-inner-section elementor-element elementor-element-62005b4 elementor-section-boxed elementor-section-height-default elementor-section-height-default\" data-id=\"62005b4\" data-element_type=\"section\">\n\t\t\t\t\t\t<div class=\"elementor-container elementor-column-gap-default\">\n\t\t\t\t\t<div class=\"elementor-column elementor-col-50 elementor-inner-column elementor-element elementor-element-c6b85a6\" data-id=\"c6b85a6\" data-element_type=\"column\">\n\t\t\t<div class=\"elementor-widget-wrap elementor-element-populated\">\n\t\t\t\t\t\t<div class=\"elementor-element elementor-element-568beed elementor-widget elementor-widget-image\" data-id=\"568beed\" data-element_type=\"widget\" data-widget_type=\"image.default\">\n\t\t\t\t<div class=\"elementor-widget-container\">\n\t\t\t\t\t\t\t\t\t\t\t\t\t\t\t<img decoding=\"async\" src=\"https:\/\/www.cactus-online.net\/wp-content\/uploads\/2023\/10\/DSCF5593-scaled.jpg\" title=\"\" alt=\"\" loading=\"lazy\" \/>\t\t\t\t\t\t\t\t\t\t\t\t\t\t\t<\/div>\n\t\t\t\t<\/div>\n\t\t\t\t\t<\/div>\n\t\t<\/div>\n\t\t\t\t<div class=\"elementor-column elementor-col-50 elementor-inner-column elementor-element elementor-element-c33d6e7\" data-id=\"c33d6e7\" data-element_type=\"column\">\n\t\t\t<div class=\"elementor-widget-wrap elementor-element-populated\">\n\t\t\t\t\t\t<div class=\"elementor-element elementor-element-cdb8671 elementor-widget elementor-widget-text-editor\" data-id=\"cdb8671\" data-element_type=\"widget\" data-widget_type=\"text-editor.default\">\n\t\t\t\t<div class=\"elementor-widget-container\">\n\t\t\t\t\t\t\t\t\t<p><span style=\"font-weight: 400;\">Nous vendons toutes les plantes que nous recevons ou cultivons dans nos serres. Nos superviseurs en prennent soin et s\u00e9lectionnent les plantes les plus attrayantes, saines et int\u00e9ressantes \u00e0 t\u00e9l\u00e9charger sur notre site web. Nous visons \u00e0 prendre plusieurs images de chaque plante afin que nos clients puissent voir la plante sous tous les angles et en apprendre davantage sur les plantes qu&rsquo;ils ach\u00e8tent.  <\/span><\/p>\n<p><span style=\"font-weight: 400;\">Tous les paiements entrants et sortants sont surveill\u00e9s par notre service comptabilit\u00e9, garantissant ainsi que tous les flux de tr\u00e9sorerie, des clients aux fournisseurs, etc., sont soigneusement suivis.<\/span><\/p>\n\t\t\t\t\t\t\t\t<\/div>\n\t\t\t\t<\/div>\n\t\t\t\t\t<\/div>\n\t\t<\/div>\n\t\t\t\t\t<\/div>\n\t\t<\/section>\n\t\t\t\t\t<\/div>\n\t\t<\/div>\n\t\t\t\t\t<\/div>\n\t\t<\/section>\n\t\t\t\t<section class=\"elementor-section elementor-top-section elementor-element elementor-element-acc0418 elementor-section-boxed elementor-section-height-default elementor-section-height-default\" data-id=\"acc0418\" data-element_type=\"section\">\n\t\t\t\t\t\t<div class=\"elementor-container elementor-column-gap-default\">\n\t\t\t\t\t<div class=\"elementor-column elementor-col-100 elementor-top-column elementor-element elementor-element-ada89cf\" data-id=\"ada89cf\" data-element_type=\"column\">\n\t\t\t<div class=\"elementor-widget-wrap elementor-element-populated\">\n\t\t\t\t\t\t<div class=\"elementor-element elementor-element-858993d elementor-widget elementor-widget-heading\" data-id=\"858993d\" data-element_type=\"widget\" data-widget_type=\"heading.default\">\n\t\t\t\t<div class=\"elementor-widget-container\">\n\t\t\t\t\t<h2 class=\"elementor-heading-title elementor-size-default\">Emballage et exp\u00e9dition<\/h2>\t\t\t\t<\/div>\n\t\t\t\t<\/div>\n\t\t\t\t<section class=\"elementor-section elementor-inner-section elementor-element elementor-element-5e839f1 elementor-section-boxed elementor-section-height-default elementor-section-height-default\" data-id=\"5e839f1\" data-element_type=\"section\">\n\t\t\t\t\t\t<div class=\"elementor-container elementor-column-gap-default\">\n\t\t\t\t\t<div class=\"elementor-column elementor-col-50 elementor-inner-column elementor-element elementor-element-3e77cf1\" data-id=\"3e77cf1\" data-element_type=\"column\">\n\t\t\t<div class=\"elementor-widget-wrap elementor-element-populated\">\n\t\t\t\t\t\t<div class=\"elementor-element elementor-element-8a92347 elementor-widget elementor-widget-text-editor\" data-id=\"8a92347\" data-element_type=\"widget\" data-widget_type=\"text-editor.default\">\n\t\t\t\t<div class=\"elementor-widget-container\">\n\t\t\t\t\t\t\t\t\t<p><span style=\"font-weight: 400;\">Chaque commande pass\u00e9e sur le site web, par t\u00e9l\u00e9phone ou par e-mail est un processus essentiel et agr\u00e9able. Pour pr\u00e9server l&rsquo;int\u00e9grit\u00e9 de chaque plante, nous choisissons un emballage appropri\u00e9 et nous assurons une exp\u00e9dition aussi rapide que possible. <\/span><\/p>\n<p><span style=\"font-weight: 400;\">Pour nous assurer de fournir \u00e0 nos clients des plantes belles et en bonne sant\u00e9 dans les plus brefs d\u00e9lais possibles, nous emballons soigneusement, v\u00e9rifions et exp\u00e9dions en utilisant les m\u00e9thodes d&rsquo;exp\u00e9dition les plus s\u00e9curis\u00e9es !<\/span><\/p>\n<p><span style=\"font-weight: 400;\">Nous op\u00e9rons rapidement, efficacement et conform\u00e9ment aux exigences de nos clients ! <\/span><\/p>\n<p><span style=\"font-weight: 400;\">Vous pouvez toujours compter sur nous !<\/span><\/p>\n\t\t\t\t\t\t\t\t<\/div>\n\t\t\t\t<\/div>\n\t\t\t\t\t<\/div>\n\t\t<\/div>\n\t\t\t\t<div class=\"elementor-column elementor-col-50 elementor-inner-column elementor-element elementor-element-a347b66\" data-id=\"a347b66\" data-element_type=\"column\">\n\t\t\t<div class=\"elementor-widget-wrap elementor-element-populated\">\n\t\t\t\t\t\t<div class=\"elementor-element elementor-element-ba3d6e2 elementor-widget elementor-widget-image\" data-id=\"ba3d6e2\" data-element_type=\"widget\" data-widget_type=\"image.default\">\n\t\t\t\t<div class=\"elementor-widget-container\">\n\t\t\t\t\t\t\t\t\t\t\t\t\t\t\t<img decoding=\"async\" src=\"https:\/\/www.cactus-online.net\/wp-content\/uploads\/2023\/10\/DSCF5783-scaled.jpg\" title=\"\" alt=\"\" loading=\"lazy\" \/>\t\t\t\t\t\t\t\t\t\t\t\t\t\t\t<\/div>\n\t\t\t\t<\/div>\n\t\t\t\t\t<\/div>\n\t\t<\/div>\n\t\t\t\t\t<\/div>\n\t\t<\/section>\n\t\t\t\t\t<\/div>\n\t\t<\/div>\n\t\t\t\t\t<\/div>\n\t\t<\/section>\n\t\t\t\t<section class=\"elementor-section elementor-top-section elementor-element elementor-element-c8b4c3c elementor-section-boxed elementor-section-height-default elementor-section-height-default\" data-id=\"c8b4c3c\" data-element_type=\"section\">\n\t\t\t\t\t\t<div class=\"elementor-container elementor-column-gap-default\">\n\t\t\t\t\t<div class=\"elementor-column elementor-col-100 elementor-top-column elementor-element elementor-element-f14bac7\" data-id=\"f14bac7\" data-element_type=\"column\">\n\t\t\t<div class=\"elementor-widget-wrap elementor-element-populated\">\n\t\t\t\t\t\t<div class=\"elementor-element elementor-element-e05f1c2 elementor-widget elementor-widget-heading\" data-id=\"e05f1c2\" data-element_type=\"widget\" data-widget_type=\"heading.default\">\n\t\t\t\t<div class=\"elementor-widget-container\">\n\t\t\t\t\t<h2 class=\"elementor-heading-title elementor-size-default\">Nous sommes l\u00e0.<\/h2>\t\t\t\t<\/div>\n\t\t\t\t<\/div>\n\t\t\t\t<section class=\"elementor-section elementor-inner-section elementor-element elementor-element-5b2ac57 elementor-section-boxed elementor-section-height-default elementor-section-height-default\" data-id=\"5b2ac57\" data-element_type=\"section\">\n\t\t\t\t\t\t<div class=\"elementor-container elementor-column-gap-default\">\n\t\t\t\t\t<div class=\"elementor-column elementor-col-50 elementor-inner-column elementor-element elementor-element-589041e\" data-id=\"589041e\" data-element_type=\"column\">\n\t\t\t<div class=\"elementor-widget-wrap elementor-element-populated\">\n\t\t\t\t\t\t<div class=\"elementor-element elementor-element-c0310b9 elementor-widget elementor-widget-image\" data-id=\"c0310b9\" data-element_type=\"widget\" data-widget_type=\"image.default\">\n\t\t\t\t<div class=\"elementor-widget-container\">\n\t\t\t\t\t\t\t\t\t\t\t\t\t\t\t<img decoding=\"async\" width=\"246\" height=\"194\" src=\"https:\/\/www.cactus-online.net\/wp-content\/uploads\/2017\/04\/cactus_logo-04.png\" class=\"attachment-medium size-medium wp-image-1789\" alt=\"\" srcset=\"https:\/\/www.cactus-online.net\/wp-content\/uploads\/2017\/04\/cactus_logo-04.png 246w, https:\/\/www.cactus-online.net\/wp-content\/uploads\/2017\/04\/cactus_logo-04-95x75.png 95w\" sizes=\"(max-width:767px) 246px, 246px\" \/>\t\t\t\t\t\t\t\t\t\t\t\t\t\t\t<\/div>\n\t\t\t\t<\/div>\n\t\t\t\t<div class=\"elementor-element elementor-element-73bd963 elementor-widget elementor-widget-image\" data-id=\"73bd963\" data-element_type=\"widget\" data-widget_type=\"image.default\">\n\t\t\t\t<div class=\"elementor-widget-container\">\n\t\t\t\t\t\t\t\t\t\t\t\t\t\t\t<img decoding=\"async\" src=\"https:\/\/www.cactus-online.net\/wp-content\/uploads\/2023\/10\/Cactuses_Studio-36-scaled.jpg\" title=\"\" alt=\"\" loading=\"lazy\" \/>\t\t\t\t\t\t\t\t\t\t\t\t\t\t\t<\/div>\n\t\t\t\t<\/div>\n\t\t\t\t\t<\/div>\n\t\t<\/div>\n\t\t\t\t<div class=\"elementor-column elementor-col-50 elementor-inner-column elementor-element elementor-element-3eb1467\" data-id=\"3eb1467\" data-element_type=\"column\">\n\t\t\t<div class=\"elementor-widget-wrap elementor-element-populated\">\n\t\t\t\t\t\t<div class=\"elementor-element elementor-element-7964bcb elementor-widget elementor-widget-heading\" data-id=\"7964bcb\" data-element_type=\"widget\" data-widget_type=\"heading.default\">\n\t\t\t\t<div class=\"elementor-widget-container\">\n\t\t\t\t\t<h3 class=\"elementor-heading-title elementor-size-default\"><br><strong>Cactus Online EOOD<\/strong><br>st. Tsar Ivan Asen II 65<br>Markovo<\/h3>\t\t\t\t<\/div>\n\t\t\t\t<\/div>\n\t\t\t\t<div class=\"elementor-element elementor-element-296f021 elementor-widget elementor-widget-heading\" data-id=\"296f021\" data-element_type=\"widget\" data-widget_type=\"heading.default\">\n\t\t\t\t<div class=\"elementor-widget-container\">\n\t\t\t\t\t<h3 class=\"elementor-heading-title elementor-size-default\">Prendre contact<\/h3>\t\t\t\t<\/div>\n\t\t\t\t<\/div>\n\t\t\t\t<div class=\"elementor-element elementor-element-0c873ca elementor-widget elementor-widget-shortcode\" data-id=\"0c873ca\" data-element_type=\"widget\" data-widget_type=\"shortcode.default\">\n\t\t\t\t<div class=\"elementor-widget-container\">\n\t\t\t\t\t\t\t<div class=\"elementor-shortcode\">\n<div class=\"wpcf7 no-js\" id=\"wpcf7-f393789-o1\" lang=\"en-US\" dir=\"ltr\" data-wpcf7-id=\"393789\">\n<div class=\"screen-reader-response\"><p role=\"status\" aria-live=\"polite\" aria-atomic=\"true\"><\/p> <ul><\/ul><\/div>\n<form action=\"\/fr\/wp-json\/wp\/v2\/pages\/316265#wpcf7-f393789-o1\" method=\"post\" class=\"wpcf7-form init\" aria-label=\"Contact form\" novalidate=\"novalidate\" data-status=\"init\">\n<fieldset class=\"hidden-fields-container\"><input type=\"hidden\" name=\"_wpcf7\" value=\"393789\" \/><input type=\"hidden\" name=\"_wpcf7_version\" value=\"6.1.4\" \/><input type=\"hidden\" name=\"_wpcf7_locale\" value=\"en_US\" \/><input type=\"hidden\" name=\"_wpcf7_unit_tag\" value=\"wpcf7-f393789-o1\" \/><input type=\"hidden\" name=\"_wpcf7_container_post\" value=\"0\" \/><input type=\"hidden\" name=\"_wpcf7_posted_data_hash\" value=\"\" \/><input type=\"hidden\" name=\"_wpcf7_recaptcha_response\" value=\"\" \/>\n<\/fieldset>\n<p><label> Name (required)*<br \/>\n<span class=\"wpcf7-form-control-wrap\" data-name=\"your-name\"><input size=\"40\" maxlength=\"400\" class=\"wpcf7-form-control wpcf7-text wpcf7-validates-as-required\" aria-required=\"true\" aria-invalid=\"false\" placeholder=\"Enter your name\" value=\"\" type=\"text\" name=\"your-name\" \/><\/span> <\/label>\n<\/p>\n<p><label> Email (required)*<br \/>\n<span class=\"wpcf7-form-control-wrap\" data-name=\"your-email\"><input size=\"40\" maxlength=\"400\" class=\"wpcf7-form-control wpcf7-email wpcf7-validates-as-required wpcf7-text wpcf7-validates-as-email\" aria-required=\"true\" aria-invalid=\"false\" placeholder=\"Enter your email\" value=\"\" type=\"email\" name=\"your-email\" \/><\/span> <\/label>\n<\/p>\n<p><label> Subiect<br \/>\n<span class=\"wpcf7-form-control-wrap\" data-name=\"your-subject\"><input size=\"40\" maxlength=\"400\" class=\"wpcf7-form-control wpcf7-text\" aria-invalid=\"false\" placeholder=\"Enter the subject of the question\" value=\"\" type=\"text\" name=\"your-subject\" \/><\/span> <\/label>\n<\/p>\n<p><label> Message<br \/>\n<span class=\"wpcf7-form-control-wrap\" data-name=\"your-message\"><textarea cols=\"40\" rows=\"10\" maxlength=\"2000\" class=\"wpcf7-form-control wpcf7-textarea\" aria-invalid=\"false\" placeholder=\"Please enter your question\" name=\"your-message\"><\/textarea><\/span> <\/label><br \/>\n<input class=\"wpcf7-form-control wpcf7-submit has-spinner\" type=\"submit\" value=\"Send\" \/>\n<\/p><div class=\"wpcf7-response-output\" aria-hidden=\"true\"><\/div>\n<\/form>\n<\/div>\n<\/div>\n\t\t\t\t\t\t<\/div>\n\t\t\t\t<\/div>\n\t\t\t\t\t<\/div>\n\t\t<\/div>\n\t\t\t\t\t<\/div>\n\t\t<\/section>\n\t\t\t\t\t<\/div>\n\t\t<\/div>\n\t\t\t\t\t<\/div>\n\t\t<\/section>\n\t\t\t\t<\/div>\n\t\t","protected":false},"excerpt":{"rendered":"<p>Mon int\u00e9r\u00eat pour la culture des cactus et des plantes grasses a commenc\u00e9 en 1999, et au fil du temps, j&rsquo;ai acquis une grande collection d&rsquo;Astrophytum,<span class=\"excerpt-hellip\"> [\u2026]<\/span><\/p>\n","protected":false},"author":1,"featured_media":0,"parent":0,"menu_order":0,"comment_status":"closed","ping_status":"closed","template":"","meta":{"footnotes":""},"class_list":["post-316265","page","type-page","status-publish","hentry"],"_links":{"self":[{"href":"https:\/\/www.cactus-online.net\/fr\/wp-json\/wp\/v2\/pages\/316265","targetHints":{"allow":["GET"]}}],"collection":[{"href":"https:\/\/www.cactus-online.net\/fr\/wp-json\/wp\/v2\/pages"}],"about":[{"href":"https:\/\/www.cactus-online.net\/fr\/wp-json\/wp\/v2\/types\/page"}],"author":[{"embeddable":true,"href":"https:\/\/www.cactus-online.net\/fr\/wp-json\/wp\/v2\/users\/1"}],"replies":[{"embeddable":true,"href":"https:\/\/www.cactus-online.net\/fr\/wp-json\/wp\/v2\/comments?post=316265"}],"version-history":[{"count":6,"href":"https:\/\/www.cactus-online.net\/fr\/wp-json\/wp\/v2\/pages\/316265\/revisions"}],"predecessor-version":[{"id":473327,"href":"https:\/\/www.cactus-online.net\/fr\/wp-json\/wp\/v2\/pages\/316265\/revisions\/473327"}],"wp:attachment":[{"href":"https:\/\/www.cactus-online.net\/fr\/wp-json\/wp\/v2\/media?parent=316265"}],"curies":[{"name":"wp","href":"https:\/\/api.w.org\/{rel}","templated":true}]}}