{"id":317115,"date":"2024-01-19T15:27:45","date_gmt":"2024-01-19T13:27:45","guid":{"rendered":"https:\/\/www.cactus-online.net\/instructions\/"},"modified":"2024-08-07T12:28:23","modified_gmt":"2024-08-07T09:28:23","slug":"instructions","status":"publish","type":"page","link":"https:\/\/www.cactus-online.net\/fr\/instructions\/","title":{"rendered":"Instructions"},"content":{"rendered":"\t\t<div data-elementor-type=\"wp-page\" data-elementor-id=\"317115\" class=\"elementor elementor-317115 elementor-1602\">\n\t\t\t\t\t\t<section class=\"elementor-section elementor-top-section elementor-element elementor-element-6707dfe elementor-section-boxed elementor-section-height-default elementor-section-height-default\" data-id=\"6707dfe\" data-element_type=\"section\">\n\t\t\t\t\t\t<div class=\"elementor-container elementor-column-gap-default\">\n\t\t\t\t\t<div class=\"elementor-column elementor-col-66 elementor-top-column elementor-element elementor-element-f2643e4\" data-id=\"f2643e4\" data-element_type=\"column\">\n\t\t\t<div class=\"elementor-widget-wrap elementor-element-populated\">\n\t\t\t\t\t\t<div class=\"elementor-element elementor-element-2ad49220 elementor-widget elementor-widget-text-editor\" data-id=\"2ad49220\" data-element_type=\"widget\" data-widget_type=\"text-editor.default\">\n\t\t\t\t<div class=\"elementor-widget-container\">\n\t\t\t\t\t\t\t\t\t<h3>Comment acheter des plantes ?<\/h3>\n<p>Pour acheter des plantes, vous devez vous inscrire. Vous pouvez le faire en cliquant sur l&rsquo;ic\u00f4ne en haut \u00e0 droite de l&rsquo;\u00e9cran. \u00c0 droite de l&rsquo;\u00e9cran, sous le mot \u00ab\u00a0Inscription\u00a0\u00bb, saisissez votre adresse e-mail et cr\u00e9ez un mot de passe. Ensuite, vous devrez r\u00e9pondre \u00e0 une s\u00e9rie de questions et saisir une adresse de livraison ainsi que le num\u00e9ro de t\u00e9l\u00e9phone pour les notifications concernant votre commande. Si apr\u00e8s l&rsquo;inscription vous n&rsquo;avez pas re\u00e7u d&rsquo;e-mail de v\u00e9rification, v\u00e9rifiez votre dossier \u00ab\u00a0Spam\u00a0\u00bb. Si vous n&rsquo;avez toujours pas re\u00e7u l&rsquo;e-mail de v\u00e9rification, essayez de vous inscrire \u00e0 nouveau et v\u00e9rifiez votre e-mail.     <\/p>\n<h3>Combien de plantes d&rsquo;une m\u00eame esp\u00e8ce peut-on acheter ?<\/h3>\n<p>Si vous souhaitez acheter une plante, vous devez appuyer sur l&rsquo;ic\u00f4ne du panier sous l&rsquo;image ou sur le bouton \u00ab\u00a0Ajouter au panier\u00a0\u00bb sur la page de la plante. Dans votre panier, vous pouvez voir que seule une plante a \u00e9t\u00e9 ajout\u00e9e. Vous pouvez modifier la quantit\u00e9 de cette plante dans le panier en utilisant les fl\u00e8ches ou en modifiant le nombre pr\u00e8s du nom de la plante, mais si vous choisissez un nombre sup\u00e9rieur \u00e0 ce qui est en stock, vous recevrez un message d&rsquo;erreur. Apr\u00e8s les modifications, vous devrez mettre \u00e0 jour le panier pour obtenir le nouveau prix. En appuyant sur l&rsquo;ic\u00f4ne du panier dans le coin sup\u00e9rieur droit, vous pouvez voir la liste compl\u00e8te des plantes dans votre commande.    <\/p>\n<h3>Comment passer une commande ?<\/h3>\n<p>Il vous faudra appuyer sur \u00ab\u00a0passer \u00e0 la caisse\u00a0\u00bb, puis remplir l&rsquo;adresse de livraison et choisir le mode de paiement et de livraison. Apr\u00e8s cela, vous recevrez un e-mail de confirmation de votre commande.  <span style=\"color: var( --e-global-color-text ); letter-spacing: 0px;\">Il faut de 5 \u00e0 7 jours ouvrables pour traiter votre commande.<\/span><\/p>\n<h3 style=\"font-weight: 400;\">Des r\u00e9ductions ?<\/h3>\n<p style=\"font-weight: 400;\">\u2014 Lorsque vous passez une commande d&rsquo;une valeur de 400 euros (le montant N&rsquo;INCLUT PAS les frais de livraison), vous b\u00e9n\u00e9ficiez automatiquement d&rsquo;une r\u00e9duction de 5%.<\/p>\n<p style=\"font-weight: 400;\">\u2014 Lorsque vous passez une commande d&rsquo;une valeur de 1000 euros ou plus (le montant N&rsquo;INCLUT PAS les frais de livraison), la r\u00e9duction augmente \u00e0 10%.<\/p>\n<p><span style=\"font-weight: 400;\">En cliquant sur l&rsquo;ic\u00f4ne du panier d&rsquo;achat dans le coin sup\u00e9rieur droit, vous pouvez consulter l&rsquo;ensemble de votre commande et vous assurer que la r\u00e9duction a \u00e9t\u00e9 correctement appliqu\u00e9e.<\/span><\/p>\n<h3>Informations de livraison.<\/h3>\n<p>En Bulgarie, nous envoyons les plantes dans des pots. Hors de Bulgarie, nous envoyons sans terre ni pots pour \u00e9viter des dommages aux plantes pendant le voyage et pour diminuer le poids de la bo\u00eete. Si vous vivez hors de Bulgarie, vous recevrez des plantes \u00e0 racines nues, emball\u00e9es dans des serviettes et du papier pour rendre leur voyage s\u00fbr et les garder au sec.<\/p>\n<p>Pendant la saison froide, nous les enveloppons \u00e9galement dans du polystyr\u00e8ne pour les prot\u00e9ger des basses temp\u00e9ratures.<\/p>\n<p>Pour les clients en Bulgarie, nous proposons la livraison avec Econt et Speedy.<\/p>\n<p>Pour les clients de l&rsquo;UE, nous livrons avec Speedy de 7 \u00e0 10 jours ouvrables ou par la Poste Bulgare, qui prend g\u00e9n\u00e9ralement jusqu&rsquo;\u00e0 3 semaines. Si vous \u00eates un client de l&rsquo;UE, vous n&rsquo;avez besoin d&rsquo;aucun document suppl\u00e9mentaire.<\/p>\n<p>Pour les clients hors de l&rsquo;UE, le certificat phytosanitaire est obligatoire &#8211; 13 euros et est d\u00e9livr\u00e9 dans un d\u00e9lai de 5-7 jours ouvrables. Vous pourrez l&rsquo;acheter juste avant de finaliser la commande en s\u00e9lectionnant l&rsquo;option donn\u00e9e. Nous livrons via la Poste Bulgare, mais vous devez comprendre que votre colis peut voyager jusqu&rsquo;\u00e0 20-40 jours et nous ne pouvons pas influencer cela. Lorsque votre commande est exp\u00e9di\u00e9e, vous recevrez un email de notre part avec un num\u00e9ro de suivi, qui sera activ\u00e9 dans les 7 jours ouvrables \u00e0 partir du jour o\u00f9 il est re\u00e7u et vous pourrez le suivre en ligne.<\/p>\n<div>Si vous avez des questions concernant la livraison, veuillez nous contacter directement par e-mail \u00e0 l&rsquo;adresse suivante : info@cactus-online.net.<\/div>\n<div> <\/div>\n<h3>Comment trouver d&rsquo;autres plantes ?<\/h3>\n<p>Dans le catalogue des plantes, vous pouvez effectuer une recherche \u00e0 l&rsquo;aide du champ \u00ab\u00a0Recherche\u00a0\u00bb situ\u00e9 dans la partie gauche de l&rsquo;\u00e9cran. Vous devrez entrer les trois premi\u00e8res lettres ou plus du nom de la plante, ou le nom complet de la plante. <\/p>\n<h3>Quels produits pouvez-vous trouver sur le site web ?<\/h3>\n<p>Dans notre boutique, vous pouvez trouver non seulement des plantes, mais aussi des graines, des pots et des souvenirs.<\/p>\n\t\t\t\t\t\t\t\t<\/div>\n\t\t\t\t<\/div>\n\t\t\t\t\t<\/div>\n\t\t<\/div>\n\t\t\t\t<div class=\"elementor-column elementor-col-33 elementor-top-column elementor-element elementor-element-ec1494b\" data-id=\"ec1494b\" data-element_type=\"column\">\n\t\t\t<div class=\"elementor-widget-wrap elementor-element-populated\">\n\t\t\t\t\t\t<div class=\"elementor-element elementor-element-6b9221d elementor-widget elementor-widget-heading\" data-id=\"6b9221d\" data-element_type=\"widget\" data-widget_type=\"heading.default\">\n\t\t\t\t<div class=\"elementor-widget-container\">\n\t\t\t\t\t<h2 class=\"elementor-heading-title elementor-size-default\">Cultivation et acclimatation d'une plante en culture de tissus (TC).<\/h2>\t\t\t\t<\/div>\n\t\t\t\t<\/div>\n\t\t\t\t<div class=\"elementor-element elementor-element-f8f3f8e elementor-widget elementor-widget-text-editor\" data-id=\"f8f3f8e\" data-element_type=\"widget\" data-widget_type=\"text-editor.default\">\n\t\t\t\t<div class=\"elementor-widget-container\">\n\t\t\t\t\t\t\t\t\t<p style=\"font-weight: 400;\">Lorsque vous recevez votre plante en culture de tissus (TC), sa cultivation et son acclimatation peuvent \u00eatre extr\u00eamement gratifiantes, mais cela prend certainement du temps et n\u00e9cessite de la patience. La pratique est n\u00e9cessaire pour ma\u00eetriser le processus. Il existe de nombreuses m\u00e9thodes d&rsquo;acclimatation, donc nous partageons celle qui a donn\u00e9 les meilleurs r\u00e9sultats et qui nous a apport\u00e9 le plus de succ\u00e8s.  <\/p>\n<p style=\"font-weight: 400;\">Lorsque vous recevez votre plante en culture de tissus (TC), vous devriez l&rsquo;examiner attentivement : est-elle suffisamment grande, ses racines sont-elles bien d\u00e9velopp\u00e9es, comment elle para\u00eet. Si vous estimez qu&rsquo;elle est encore petite, vous pouvez la faire pousser dans le contenant st\u00e9rile pendant 3 \u00e0 4 mois en la laissant dans un endroit lumineux. Ne l&rsquo;ouvrez pas. Le contenant contient un milieu nutritif st\u00e9rile, qui pourrait imm\u00e9diatement devenir un terrain propice \u00e0 la croissance de champignons et de bact\u00e9ries, ce qui pourrait vous obliger \u00e0 proc\u00e9der \u00e0 une adaptation d&rsquo;urgence de la plante.   <\/p>\n<p style=\"font-weight: 400;\">Si la plante en culture de tissus (TC) semble en bonne sant\u00e9, avec des racines bien d\u00e9velopp\u00e9es et des parties a\u00e9riennes, nous passons \u00e0 l&rsquo;adaptation :<\/p>\n<ul>\n<li>Retirez soigneusement la plante en culture de tissus (TC) du contenant.<\/li>\n<li>Lavez soigneusement le milieu de culture des racines \u00e0 l&rsquo;eau froide.<\/li>\n<li>Laissez-le reposer dans un r\u00e9cipient d&rsquo;eau froide pendant 15 minutes, puis rincez-le \u00e0 nouveau et placez-le sur du papier absorbant pour \u00e9liminer l&rsquo;exc\u00e8s d&rsquo;eau.<\/li>\n<li>Prenez le kit de d\u00e9marrage (STARTER KIT). \u00c0 l&rsquo;int\u00e9rieur, vous trouverez un pot et un substrat st\u00e9rile, placez soigneusement la plante \u00e0 l&rsquo;int\u00e9rieur. Arrosez-la et refermez le pot dans le r\u00e9cipient transparent pendant 10 \u00e0 14 jours. L&rsquo;humidit\u00e9 sera proche de 80 \u00e0 100 %. Si vous le souhaitez, vous pouvez cr\u00e9er votre propre m\u00e9lange de fibres de noix de coco et de perlite.    <\/li>\n<li>Pendant les 10 \u00e0 14 jours suivants, vous devriez ouvrir l\u00e9g\u00e8rement le couvercle transparent pour r\u00e9duire l&rsquo;humidit\u00e9 et permettre une circulation d&rsquo;air fra\u00eeche. Humidifiez le substrat au besoin. <\/li>\n<li>Au cours des 10 \u00e0 14 jours suivants, vous retirerez les couvercles pendant quelques heures par jour, en augmentant progressivement la dur\u00e9e au fil des jours. Humidifiez le substrat au besoin. <\/li>\n<li>La phase finale ! Les plantes s&rsquo;adaptent \u00e0 l&rsquo;environnement normal de votre maison. <\/li>\n<\/ul>\n<p style=\"font-weight: 400;\">Comme vous pouvez le constater, tout le processus d&rsquo;acclimatation prend g\u00e9n\u00e9ralement entre 5 et 10 semaines.<\/p>\n<p style=\"font-weight: 400; text-align: center;\"><strong>Avec mes meilleures salutations.<\/strong><\/p>\n<p style=\"font-weight: 400; text-align: center;\"> <strong>De la part<\/strong> <strong>de l&rsquo;\u00e9quipe CACTUS ONLINE !<\/strong><\/p>\n\t\t\t\t\t\t\t\t<\/div>\n\t\t\t\t<\/div>\n\t\t\t\t<div class=\"elementor-element elementor-element-59f15fe elementor-view-default elementor-position-top elementor-mobile-position-top elementor-widget elementor-widget-icon-box\" data-id=\"59f15fe\" data-element_type=\"widget\" data-widget_type=\"icon-box.default\">\n\t\t\t\t<div class=\"elementor-widget-container\">\n\t\t\t\t\t\t\t<div class=\"elementor-icon-box-wrapper\">\n\n\t\t\t\t\t\t<div class=\"elementor-icon-box-icon\">\n\t\t\t\t<a href=\"https:\/\/www.cactus-online.net\/wp-content\/uploads\/2023\/12\/Acclimatization.pdf\" target=\"_blank\" class=\"elementor-icon elementor-animation-grow\" tabindex=\"-1\" aria-label=\"Instruction au format PDF\">\n\t\t\t\t<i aria-hidden=\"true\" class=\"far fa-file-pdf\"><\/i>\t\t\t\t<\/a>\n\t\t\t<\/div>\n\t\t\t\n\t\t\t\t\t\t<div class=\"elementor-icon-box-content\">\n\n\t\t\t\t\t\t\t\t\t<h3 class=\"elementor-icon-box-title\">\n\t\t\t\t\t\t<a href=\"https:\/\/www.cactus-online.net\/wp-content\/uploads\/2023\/12\/Acclimatization.pdf\" target=\"_blank\" >\n\t\t\t\t\t\t\tInstruction au format PDF\t\t\t\t\t\t<\/a>\n\t\t\t\t\t<\/h3>\n\t\t\t\t\n\t\t\t\t\n\t\t\t<\/div>\n\t\t\t\n\t\t<\/div>\n\t\t\t\t\t\t<\/div>\n\t\t\t\t<\/div>\n\t\t\t\t\t<\/div>\n\t\t<\/div>\n\t\t\t\t\t<\/div>\n\t\t<\/section>\n\t\t\t\t<\/div>\n\t\t","protected":false},"excerpt":{"rendered":"<p>Comment acheter des plantes ? Pour acheter des plantes, vous devez vous inscrire. Vous pouvez le faire en cliquant sur l&rsquo;ic\u00f4ne en haut \u00e0 droite de<span class=\"excerpt-hellip\"> [\u2026]<\/span><\/p>\n","protected":false},"author":1,"featured_media":0,"parent":0,"menu_order":0,"comment_status":"closed","ping_status":"closed","template":"","meta":{"footnotes":""},"class_list":["post-317115","page","type-page","status-publish","hentry"],"_links":{"self":[{"href":"https:\/\/www.cactus-online.net\/fr\/wp-json\/wp\/v2\/pages\/317115","targetHints":{"allow":["GET"]}}],"collection":[{"href":"https:\/\/www.cactus-online.net\/fr\/wp-json\/wp\/v2\/pages"}],"about":[{"href":"https:\/\/www.cactus-online.net\/fr\/wp-json\/wp\/v2\/types\/page"}],"author":[{"embeddable":true,"href":"https:\/\/www.cactus-online.net\/fr\/wp-json\/wp\/v2\/users\/1"}],"replies":[{"embeddable":true,"href":"https:\/\/www.cactus-online.net\/fr\/wp-json\/wp\/v2\/comments?post=317115"}],"version-history":[{"count":6,"href":"https:\/\/www.cactus-online.net\/fr\/wp-json\/wp\/v2\/pages\/317115\/revisions"}],"predecessor-version":[{"id":717657,"href":"https:\/\/www.cactus-online.net\/fr\/wp-json\/wp\/v2\/pages\/317115\/revisions\/717657"}],"wp:attachment":[{"href":"https:\/\/www.cactus-online.net\/fr\/wp-json\/wp\/v2\/media?parent=317115"}],"curies":[{"name":"wp","href":"https:\/\/api.w.org\/{rel}","templated":true}]}}