{"id":361235,"date":"2024-02-14T10:58:01","date_gmt":"2024-02-14T08:58:01","guid":{"rendered":"https:\/\/www.cactus-online.net\/wiki\/"},"modified":"2024-02-14T10:58:01","modified_gmt":"2024-02-14T08:58:01","slug":"wiki","status":"publish","type":"page","link":"https:\/\/www.cactus-online.net\/fr\/wiki\/","title":{"rendered":"Wiki"},"content":{"rendered":"\t\t<div data-elementor-type=\"wp-page\" data-elementor-id=\"361235\" class=\"elementor elementor-361235 elementor-355148\">\n\t\t\t\t\t\t<section class=\"elementor-section elementor-top-section elementor-element elementor-element-d8f9c88 elementor-section-boxed elementor-section-height-default elementor-section-height-default\" data-id=\"d8f9c88\" data-element_type=\"section\">\n\t\t\t\t\t\t<div class=\"elementor-container elementor-column-gap-default\">\n\t\t\t\t\t<div class=\"elementor-column elementor-col-100 elementor-top-column elementor-element elementor-element-4b58dba\" data-id=\"4b58dba\" data-element_type=\"column\">\n\t\t\t<div class=\"elementor-widget-wrap elementor-element-populated\">\n\t\t\t\t\t\t<div class=\"elementor-element elementor-element-2cccbd1 elementor-widget elementor-widget-mfn_blog\" data-id=\"2cccbd1\" data-element_type=\"widget\" data-widget_type=\"mfn_blog.default\">\n\t\t\t\t<div class=\"elementor-widget-container\">\n\t\t\t\t\t<div class=\"column_filters\"><div class=\"blog_wrapper isotope_wrapper clearfix\"><div class=\"posts_group lm_wrapper element_classes col-3 grid\"><article class=\"post post-item isotope-item clearfix no-img category-1109 post-478274 type-post status-publish format-standard hentry category-wiki-fr\" style=\"\"><div class=\"date_label\">avril 23, 2024<\/div><div class=\"image_frame post-photo-wrapper scale-with-grid image\"><div class=\"image_wrapper\"><\/div><\/div><div class=\"post-desc-wrapper bg- has-custom-bg\" style=\"\"><div class=\"post-desc\"><div class=\"post-head\"><div class=\"post-meta clearfix\"><div class=\"author-date\"><span class=\"vcard author post-author\"><span class=\"label\">Published by <\/span><i class=\"icon-user\" aria-label=\"author\"><\/i> <span class=\"fn\"><a href=\"https:\/\/www.cactus-online.net\/fr\/author\/admin\/\">admin<\/a><\/span><\/span> <span class=\"date\"><span class=\"label\">on <\/span><i class=\"icon-clock\"><\/i> <span class=\"post-date updated\">avril 23, 2024<\/span><\/span><\/div><div class=\"category\"><span class=\"cat-btn\">Categories <i class=\"icon-down-dir\" aria-hidden=\"true\"><\/i><\/span><div class=\"cat-wrapper\"><ul class=\"post-categories\">\n\t<li><a href=\"https:\/\/www.cactus-online.net\/fr\/category\/wiki-fr\/\" rel=\"category tag\">wiki<\/a><\/li><\/ul><\/div><\/div><\/div><\/div><div class=\"post-title\"><h2 class=\"entry-title \" itemprop=\"headline\"><a href=\"https:\/\/www.cactus-online.net\/fr\/faire-pousser-des-succulentes-et-des-cactus-a-partir-de-graines\/\">Faire pousser des succulentes et des cactus \u00e0 partir de graines<\/a><\/h2><\/div><div class=\"post-excerpt\">L&rsquo;article propose une approche d\u00e9taill\u00e9e et syst\u00e9matique pour faire pousser des succulentes et des cactus \u00e0 partir de graines. Il couvre toutes les \u00e9tapes n\u00e9cessaires, de<span class=\"excerpt-hellip\"> [\u2026]<\/span><\/div><div class=\"post-footer\"><div class=\"button-love\"><span class=\"love-text\">Do you like it?<\/span><a href=\"#\" class=\"mfn-love \" data-id=\"478274\"><span class=\"icons-wrapper\"><i class=\"icon-heart-empty-fa\"><\/i><i class=\"icon-heart-fa\"><\/i><\/span><span class=\"label\">3<\/span><\/a><\/div><div class=\"post-links\"><i class=\"read-more-icon icon-doc-text\" aria-hidden=\"true\"><\/i> <a href=\"https:\/\/www.cactus-online.net\/fr\/faire-pousser-des-succulentes-et-des-cactus-a-partir-de-graines\/\" class=\"post-more\">Read more<\/a><\/div><\/div><\/div><\/div><\/article><article class=\"post post-item isotope-item clearfix no-img category-1109 post-477061 type-post status-publish format-standard hentry category-wiki-fr\" style=\"\"><div class=\"date_label\">avril 23, 2024<\/div><div class=\"image_frame post-photo-wrapper scale-with-grid image\"><div class=\"image_wrapper\"><\/div><\/div><div class=\"post-desc-wrapper bg- has-custom-bg\" style=\"\"><div class=\"post-desc\"><div class=\"post-head\"><div class=\"post-meta clearfix\"><div class=\"author-date\"><span class=\"vcard author post-author\"><span class=\"label\">Published by <\/span><i class=\"icon-user\" aria-label=\"author\"><\/i> <span class=\"fn\"><a href=\"https:\/\/www.cactus-online.net\/fr\/author\/admin\/\">admin<\/a><\/span><\/span> <span class=\"date\"><span class=\"label\">on <\/span><i class=\"icon-clock\"><\/i> <span class=\"post-date updated\">avril 23, 2024<\/span><\/span><\/div><div class=\"category\"><span class=\"cat-btn\">Categories <i class=\"icon-down-dir\" aria-hidden=\"true\"><\/i><\/span><div class=\"cat-wrapper\"><ul class=\"post-categories\">\n\t<li><a href=\"https:\/\/www.cactus-online.net\/fr\/category\/wiki-fr\/\" rel=\"category tag\">wiki<\/a><\/li><\/ul><\/div><\/div><\/div><\/div><div class=\"post-title\"><h2 class=\"entry-title \" itemprop=\"headline\"><a href=\"https:\/\/www.cactus-online.net\/fr\/prendre-soin-des-plantes-a-caudex\/\">Prendre soin des plantes \u00e0 caudex<\/a><\/h2><\/div><div class=\"post-excerpt\">Comment prendre vraiment bien soin d&rsquo;une plante \u00e0 caudex ? La majorit\u00e9 de ces plantes \u00e9tranges et vraiment uniques sont int\u00e9ressantes car elles combinent des caract\u00e9ristiques<span class=\"excerpt-hellip\"> [\u2026]<\/span><\/div><div class=\"post-footer\"><div class=\"button-love\"><span class=\"love-text\">Do you like it?<\/span><a href=\"#\" class=\"mfn-love \" data-id=\"477061\"><span class=\"icons-wrapper\"><i class=\"icon-heart-empty-fa\"><\/i><i class=\"icon-heart-fa\"><\/i><\/span><span class=\"label\">0<\/span><\/a><\/div><div class=\"post-links\"><i class=\"read-more-icon icon-doc-text\" aria-hidden=\"true\"><\/i> <a href=\"https:\/\/www.cactus-online.net\/fr\/prendre-soin-des-plantes-a-caudex\/\" class=\"post-more\">Read more<\/a><\/div><\/div><\/div><\/div><\/article><article class=\"post post-item isotope-item clearfix no-img category-1109 post-477058 type-post status-publish format-standard hentry category-wiki-fr\" style=\"\"><div class=\"date_label\">avril 23, 2024<\/div><div class=\"image_frame post-photo-wrapper scale-with-grid image\"><div class=\"image_wrapper\"><\/div><\/div><div class=\"post-desc-wrapper bg- has-custom-bg\" style=\"\"><div class=\"post-desc\"><div class=\"post-head\"><div class=\"post-meta clearfix\"><div class=\"author-date\"><span class=\"vcard author post-author\"><span class=\"label\">Published by <\/span><i class=\"icon-user\" aria-label=\"author\"><\/i> <span class=\"fn\"><a href=\"https:\/\/www.cactus-online.net\/fr\/author\/admin\/\">admin<\/a><\/span><\/span> <span class=\"date\"><span class=\"label\">on <\/span><i class=\"icon-clock\"><\/i> <span class=\"post-date updated\">avril 23, 2024<\/span><\/span><\/div><div class=\"category\"><span class=\"cat-btn\">Categories <i class=\"icon-down-dir\" aria-hidden=\"true\"><\/i><\/span><div class=\"cat-wrapper\"><ul class=\"post-categories\">\n\t<li><a href=\"https:\/\/www.cactus-online.net\/fr\/category\/wiki-fr\/\" rel=\"category tag\">wiki<\/a><\/li><\/ul><\/div><\/div><\/div><\/div><div class=\"post-title\"><h2 class=\"entry-title \" itemprop=\"headline\"><a href=\"https:\/\/www.cactus-online.net\/fr\/plantes-de-terrarium\/\">Plantes de terrarium<\/a><\/h2><\/div><div class=\"post-excerpt\">Les plantes de terrarium contribuent non seulement \u00e0 la diversit\u00e9 du vivarium, mais aussi \u00e0 la sant\u00e9 et au bien-\u00eatre de ses habitants. Elles aident \u00e0<span class=\"excerpt-hellip\"> [\u2026]<\/span><\/div><div class=\"post-footer\"><div class=\"button-love\"><span class=\"love-text\">Do you like it?<\/span><a href=\"#\" class=\"mfn-love \" data-id=\"477058\"><span class=\"icons-wrapper\"><i class=\"icon-heart-empty-fa\"><\/i><i class=\"icon-heart-fa\"><\/i><\/span><span class=\"label\">1<\/span><\/a><\/div><div class=\"post-links\"><i class=\"read-more-icon icon-doc-text\" aria-hidden=\"true\"><\/i> <a href=\"https:\/\/www.cactus-online.net\/fr\/plantes-de-terrarium\/\" class=\"post-more\">Read more<\/a><\/div><\/div><\/div><\/div><\/article><article class=\"post post-item isotope-item clearfix no-img category-1109 post-477049 type-post status-publish format-standard hentry category-wiki-fr\" style=\"\"><div class=\"date_label\">avril 23, 2024<\/div><div class=\"image_frame post-photo-wrapper scale-with-grid image\"><div class=\"image_wrapper\"><\/div><\/div><div class=\"post-desc-wrapper bg- has-custom-bg\" style=\"\"><div class=\"post-desc\"><div class=\"post-head\"><div class=\"post-meta clearfix\"><div class=\"author-date\"><span class=\"vcard author post-author\"><span class=\"label\">Published by <\/span><i class=\"icon-user\" aria-label=\"author\"><\/i> <span class=\"fn\"><a href=\"https:\/\/www.cactus-online.net\/fr\/author\/admin\/\">admin<\/a><\/span><\/span> <span class=\"date\"><span class=\"label\">on <\/span><i class=\"icon-clock\"><\/i> <span class=\"post-date updated\">avril 23, 2024<\/span><\/span><\/div><div class=\"category\"><span class=\"cat-btn\">Categories <i class=\"icon-down-dir\" aria-hidden=\"true\"><\/i><\/span><div class=\"cat-wrapper\"><ul class=\"post-categories\">\n\t<li><a href=\"https:\/\/www.cactus-online.net\/fr\/category\/wiki-fr\/\" rel=\"category tag\">wiki<\/a><\/li><\/ul><\/div><\/div><\/div><\/div><div class=\"post-title\"><h2 class=\"entry-title \" itemprop=\"headline\"><a href=\"https:\/\/www.cactus-online.net\/fr\/plantes-medicinales\/\">Plantes m\u00e9dicinales<\/a><\/h2><\/div><div class=\"post-excerpt\">Outre les plantes tropicales et les succulentes, notre laboratoire est engag\u00e9 dans la culture et la propagation des plantes m\u00e9dicinales. Nous voulons vous pr\u00e9senter \u00ab\u00a0Gynura\u00a0\u00bb &#8211;<span class=\"excerpt-hellip\"> [\u2026]<\/span><\/div><div class=\"post-footer\"><div class=\"button-love\"><span class=\"love-text\">Do you like it?<\/span><a href=\"#\" class=\"mfn-love \" data-id=\"477049\"><span class=\"icons-wrapper\"><i class=\"icon-heart-empty-fa\"><\/i><i class=\"icon-heart-fa\"><\/i><\/span><span class=\"label\">0<\/span><\/a><\/div><div class=\"post-links\"><i class=\"read-more-icon icon-doc-text\" aria-hidden=\"true\"><\/i> <a href=\"https:\/\/www.cactus-online.net\/fr\/plantes-medicinales\/\" class=\"post-more\">Read more<\/a><\/div><\/div><\/div><\/div><\/article><article class=\"post post-item isotope-item clearfix no-img category-1109 post-473257 type-post status-publish format-standard hentry category-wiki-fr\" style=\"\"><div class=\"date_label\">avril 19, 2024<\/div><div class=\"image_frame post-photo-wrapper scale-with-grid image\"><div class=\"image_wrapper\"><\/div><\/div><div class=\"post-desc-wrapper bg- has-custom-bg\" style=\"\"><div class=\"post-desc\"><div class=\"post-head\"><div class=\"post-meta clearfix\"><div class=\"author-date\"><span class=\"vcard author post-author\"><span class=\"label\">Published by <\/span><i class=\"icon-user\" aria-label=\"author\"><\/i> <span class=\"fn\"><a href=\"https:\/\/www.cactus-online.net\/fr\/author\/admin\/\">admin<\/a><\/span><\/span> <span class=\"date\"><span class=\"label\">on <\/span><i class=\"icon-clock\"><\/i> <span class=\"post-date updated\">avril 19, 2024<\/span><\/span><\/div><div class=\"category\"><span class=\"cat-btn\">Categories <i class=\"icon-down-dir\" aria-hidden=\"true\"><\/i><\/span><div class=\"cat-wrapper\"><ul class=\"post-categories\">\n\t<li><a href=\"https:\/\/www.cactus-online.net\/fr\/category\/wiki-fr\/\" rel=\"category tag\">wiki<\/a><\/li><\/ul><\/div><\/div><\/div><\/div><div class=\"post-title\"><h2 class=\"entry-title \" itemprop=\"headline\"><a href=\"https:\/\/www.cactus-online.net\/fr\/aloe-hybrid\/\">Aloe Hybrid<\/a><\/h2><\/div><div class=\"post-excerpt\">Nous adorons vraiment les hybrides d&rsquo;alo\u00e8s magnifiques et lumineux, c&rsquo;est pourquoi nous reproduisons les plantes les plus int\u00e9ressantes pour leur propagation tissulaire ult\u00e9rieure. Ce n&rsquo;est pas<span class=\"excerpt-hellip\"> [\u2026]<\/span><\/div><div class=\"post-footer\"><div class=\"button-love\"><span class=\"love-text\">Do you like it?<\/span><a href=\"#\" class=\"mfn-love \" data-id=\"473257\"><span class=\"icons-wrapper\"><i class=\"icon-heart-empty-fa\"><\/i><i class=\"icon-heart-fa\"><\/i><\/span><span class=\"label\">1<\/span><\/a><\/div><div class=\"post-links\"><i class=\"read-more-icon icon-doc-text\" aria-hidden=\"true\"><\/i> <a href=\"https:\/\/www.cactus-online.net\/fr\/aloe-hybrid\/\" class=\"post-more\">Read more<\/a><\/div><\/div><\/div><\/div><\/article><article class=\"post post-item isotope-item clearfix no-img category-1109 post-462068 type-post status-publish format-standard hentry category-wiki-fr\" style=\"\"><div class=\"date_label\">avril 9, 2024<\/div><div class=\"image_frame post-photo-wrapper scale-with-grid image\"><div class=\"image_wrapper\"><\/div><\/div><div class=\"post-desc-wrapper bg- has-custom-bg\" style=\"\"><div class=\"post-desc\"><div class=\"post-head\"><div class=\"post-meta clearfix\"><div class=\"author-date\"><span class=\"vcard author post-author\"><span class=\"label\">Published by <\/span><i class=\"icon-user\" aria-label=\"author\"><\/i> <span class=\"fn\"><a href=\"https:\/\/www.cactus-online.net\/fr\/author\/admin\/\">admin<\/a><\/span><\/span> <span class=\"date\"><span class=\"label\">on <\/span><i class=\"icon-clock\"><\/i> <span class=\"post-date updated\">avril 9, 2024<\/span><\/span><\/div><div class=\"category\"><span class=\"cat-btn\">Categories <i class=\"icon-down-dir\" aria-hidden=\"true\"><\/i><\/span><div class=\"cat-wrapper\"><ul class=\"post-categories\">\n\t<li><a href=\"https:\/\/www.cactus-online.net\/fr\/category\/wiki-fr\/\" rel=\"category tag\">wiki<\/a><\/li><\/ul><\/div><\/div><\/div><\/div><div class=\"post-title\"><h2 class=\"entry-title \" itemprop=\"headline\"><a href=\"https:\/\/www.cactus-online.net\/fr\/plantes-tropicales\/\">Plantes tropicales<\/a><\/h2><\/div><div class=\"post-excerpt\">Les plantes tropicales sont un merveilleux ajout \u00e0 l&rsquo;int\u00e9rieur d&rsquo;une maison ou d&rsquo;un bureau. Avec leurs feuilles \u00e9l\u00e9gantes, leurs couleurs vives et leurs formes vari\u00e9es, elles<span class=\"excerpt-hellip\"> [\u2026]<\/span><\/div><div class=\"post-footer\"><div class=\"button-love\"><span class=\"love-text\">Do you like it?<\/span><a href=\"#\" class=\"mfn-love \" data-id=\"462068\"><span class=\"icons-wrapper\"><i class=\"icon-heart-empty-fa\"><\/i><i class=\"icon-heart-fa\"><\/i><\/span><span class=\"label\">1<\/span><\/a><\/div><div class=\"post-links\"><i class=\"read-more-icon icon-doc-text\" aria-hidden=\"true\"><\/i> <a href=\"https:\/\/www.cactus-online.net\/fr\/plantes-tropicales\/\" class=\"post-more\">Read more<\/a><\/div><\/div><\/div><\/div><\/article><\/div><div class=\"column one pager_wrapper\"><div class=\"pager\"><div class=\"pages\"><a href=\"https:\/\/www.cactus-online.net\/fr\/wp-json\/wp\/v2\/pages\/361235\/\" class=\"page active\">1<\/a><a href=\"https:\/\/www.cactus-online.net\/fr\/wp-json\/wp\/v2\/pages\/361235\/page\/2\/\" class=\"page\">2<\/a><\/div><a rel=\"next\" class=\"next_page\" href=\"https:\/\/www.cactus-online.net\/fr\/wp-json\/wp\/v2\/pages\/361235\/page\/2\/\">Next page<i class=\"icon-right-open\" aria-hidden=\"true\"><\/i><\/a><\/div><\/div>\n<\/div>\n<\/div>\n\t\t\t\t<\/div>\n\t\t\t\t<\/div>\n\t\t\t\t\t<\/div>\n\t\t<\/div>\n\t\t\t\t\t<\/div>\n\t\t<\/section>\n\t\t\t\t<\/div>\n\t\t","protected":false},"excerpt":{"rendered":"<p>January 17, 2024 Published by admin on January 17, 2024Categories wiki Tillandsia Tillandsias are air plants that are characterized by their easy cultivation and unique beauty.<span class=\"excerpt-hellip\"> [\u2026]<\/span><\/p>\n","protected":false},"author":1,"featured_media":0,"parent":0,"menu_order":0,"comment_status":"closed","ping_status":"closed","template":"","meta":{"footnotes":""},"class_list":["post-361235","page","type-page","status-publish","hentry"],"_links":{"self":[{"href":"https:\/\/www.cactus-online.net\/fr\/wp-json\/wp\/v2\/pages\/361235","targetHints":{"allow":["GET"]}}],"collection":[{"href":"https:\/\/www.cactus-online.net\/fr\/wp-json\/wp\/v2\/pages"}],"about":[{"href":"https:\/\/www.cactus-online.net\/fr\/wp-json\/wp\/v2\/types\/page"}],"author":[{"embeddable":true,"href":"https:\/\/www.cactus-online.net\/fr\/wp-json\/wp\/v2\/users\/1"}],"replies":[{"embeddable":true,"href":"https:\/\/www.cactus-online.net\/fr\/wp-json\/wp\/v2\/comments?post=361235"}],"version-history":[{"count":1,"href":"https:\/\/www.cactus-online.net\/fr\/wp-json\/wp\/v2\/pages\/361235\/revisions"}],"predecessor-version":[{"id":361236,"href":"https:\/\/www.cactus-online.net\/fr\/wp-json\/wp\/v2\/pages\/361235\/revisions\/361236"}],"wp:attachment":[{"href":"https:\/\/www.cactus-online.net\/fr\/wp-json\/wp\/v2\/media?parent=361235"}],"curies":[{"name":"wp","href":"https:\/\/api.w.org\/{rel}","templated":true}]}}