{"id":1086647,"date":"2026-03-12T10:24:35","date_gmt":"2026-03-12T08:24:35","guid":{"rendered":"https:\/\/www.cactus-online.net\/?post_type=product&#038;p=1086647"},"modified":"2026-04-01T23:04:36","modified_gmt":"2026-04-01T20:04:36","slug":"sf001-osmocote-exact-standart-100gr-15-9-112mgote","status":"publish","type":"product","link":"https:\/\/www.cactus-online.net\/ja\/product\/sf001-osmocote-exact-standart-100gr-15-9-112mgote\/","title":{"rendered":"SF001 OSMOCOTE\u00a0EXACT STANDART\u00a0100gr.(15-9-11+2mGo+TE)"},"content":{"rendered":"<p><strong>OSMOCOTE EXACT STANDART 100gr.(15-9-11+2mGo+TE)<\/strong><\/p>\n<p>Period of validity : 8-9 months<\/p>\n<p>Osmocote is a very effective fertilizer which guarantees the precise results with all the plants by delivering the necessary NPK and micronutrients during the period of action according to nutritional needs of the plants for an optimal growth .<\/p>\n<p>Usage : \u00a05 gramm for 1 litre of substrate.<\/p>\n<p>For evergreen plants is necessary to add osmocote every 8-9 months<\/p>\n<p>&nbsp;<\/p>\n<p>&nbsp;<\/p>\n<p>\u0421\u0440\u043e\u043a \u043d\u0430 \u0434\u0435\u0439\u0441\u0442\u0432\u0438\u0435: 8-9 \u043c\u0435\u0441\u0435\u0446\u0430<\/p>\n<p>\u041e\u0441\u043c\u043e\u043a\u043e\u0442\u044a\u0442\u00a0\u0435 \u043c\u043d\u043e\u0433\u043e \u0435\u0444\u0435\u043a\u0442\u0438\u0432\u0435\u043d \u0442\u043e\u0440, \u043a\u043e\u0439\u0442\u043e \u0433\u0430\u0440\u0430\u043d\u0442\u0438\u0440\u0430 \u0442\u043e\u0447\u043d\u0438\u0442\u0435 \u0440\u0435\u0437\u0443\u043b\u0442\u0430\u0442\u0438 \u0437\u0430 \u0432\u0441\u0438\u0447\u043a\u0438 \u0440\u0430\u0441\u0442\u0435\u043d\u0438\u044f, \u043a\u0430\u0442\u043e \u0434\u043e\u0441\u0442\u0430\u0432\u044f \u043d\u0435\u043e\u0431\u0445\u043e\u0434\u0438\u043c\u0438\u0442\u0435 NPK \u0438 \u043c\u0438\u043a\u0440\u043e\u0435\u043b\u0435\u043c\u0435\u043d\u0442\u0438 \u043f\u0440\u0435\u0437 \u043f\u0435\u0440\u0438\u043e\u0434\u0430 \u043d\u0430 \u0434\u0435\u0439\u0441\u0442\u0432\u0438\u0435,\u00a0\u0432 \u0441\u044a\u043e\u0442\u0432\u0435\u0442\u0441\u0442\u0432\u0438\u0435 \u0441 \u0445\u0440\u0430\u043d\u0438\u0442\u0435\u043b\u043d\u0438\u0442\u0435 \u043d\u0443\u0436\u0434\u0438 \u043d\u0430 \u0440\u0430\u0441\u0442\u0435\u043d\u0438\u044f\u0442\u0430 \u0437\u0430 \u043e\u043f\u0442\u0438\u043c\u0430\u043b\u0435\u043d \u0440\u0430\u0441\u0442\u0435\u0436.<\/p>\n<p>\u0423\u043f\u043e\u0442\u0440\u0435\u0431\u0430: 5 \u0433\u0440\u0430\u043c\u0430 \u0437\u0430 1 \u043b\u0438\u0442\u044a\u0440 \u0441\u0443\u0431\u0441\u0442\u0440\u0430\u0442.<\/p>\n<p>\u0417\u0430 \u0432\u0435\u0447\u043d\u043e\u0437\u0435\u043b\u0435\u043d\u0438 \u0440\u0430\u0441\u0442\u0435\u043d\u0438\u044f \u0435 \u043d\u0435\u043e\u0431\u0445\u043e\u0434\u0438\u043c\u043e \u0434\u0430 \u0441\u0435 \u0434\u043e\u0431\u0430\u0432\u044f \u043e\u0441\u043c\u043e\u043a\u043e\u0442 \u043d\u0430 \u0432\u0441\u0435\u043a\u0438 8-9 \u043c\u0435\u0441\u0435\u0446\u0430<\/p>\n<p>&nbsp;<\/p>\n<p>&nbsp;<\/p>\n<p>\u0421\u0440\u043e\u043a \u0434\u0435\u0439\u0441\u0442\u0432\u0438\u044f: 8-9 \u043c\u0435\u0441\u044f\u0446\u0435\u0432.<\/p>\n<p>\u041e\u0441\u043c\u043e\u043a\u043e\u0442- \u044d\u0442\u043e \u0432\u044b\u0441\u043e\u043a\u043e-\u044d\u0444\u0444\u0435\u043a\u0442\u0438\u0432\u043d\u043e\u0435 \u0443\u0434\u043e\u0431\u0440\u0435\u043d\u0438\u0435, \u043f\u043e\u0434\u0445\u043e\u0434\u044f\u0449\u0435\u0435\u00a0\u0434\u043b\u044f \u0432\u0441\u0435\u0445 \u0442\u0438\u043f\u043e\u0432 \u0440\u0430\u0441\u0442\u0435\u043d\u0438\u0439, \u0438\u043c\u0435\u044e\u0449\u0435\u0435 \u0432\u0441\u0435 \u043d\u0435\u043e\u0431\u0445\u043e\u0434\u0438\u043c\u044b\u0435 NPK \u0438 \u043c\u0438\u043a\u0440\u043e\u044d\u043b\u0435\u043c\u0435\u043d\u0442\u044b, \u043a\u043e\u0442\u043e\u0440\u044b\u0435 \u0434\u043e\u0437\u0438\u0440\u043e\u0432\u0430\u043d\u043e \u043f\u043e\u043f\u0430\u0434\u0430\u044e\u0442 \u0432 \u043f\u043e\u0447\u0432\u0443 \u0432 \u0442\u0435\u0447\u0435\u043d\u0438\u0435 \u0432\u0441\u0435\u0433\u043e \u043f\u0435\u0440\u0438\u043e\u0434\u0430 \u0434\u0435\u0439\u0441\u0442\u0432\u0438\u044f. \u041f\u043e\u043a\u0440\u044b\u0432\u0430\u0435\u0442 \u0432\u0441\u0435 \u043f\u043e\u0442\u0440\u0435\u0431\u043d\u043e\u0441\u0442\u0438\u00a0\u0440\u0430\u0441\u0442\u0435\u043d\u0438\u0439 \u0432 \u043f\u0438\u0442\u0430\u043d\u0438\u0438 \u0434\u043b\u044f \u043e\u043f\u0442\u0438\u043c\u0430\u043b\u044c\u043d\u043e\u0433\u043e \u0440\u043e\u0441\u0442\u0430.<\/p>\n<p>\u0420\u0430\u0441\u0445\u043e\u0434: 5 \u0433\u0440\u0430\u043c\u043c\u043e\u0432 \u043d\u0430 1 \u043b\u0438\u0442\u0440 \u0441\u0443\u0431\u0441\u0442\u0440\u0430\u0442\u0430.<\/p>\n<p>\u0414\u043b\u044f \u0432\u0435\u0447\u043d\u043e\u0437\u0435\u043b\u0435\u043d\u044b\u0445 \u0440\u0430\u0441\u0442\u0435\u043d\u0438\u0439 \u043d\u0435\u043e\u0431\u0445\u043e\u0434\u0438\u043c\u043e \u0434\u043e\u0431\u0430\u0432\u043b\u044f\u0442\u044c \u043e\u0441\u043c\u043e\u043a\u043e\u0442 \u043a\u0430\u0436\u0434\u044b\u0435 8-9 \u043c\u0435\u0441\u044f\u0446\u0435\u0432.<\/p>\n<p>&nbsp;<\/p>\n<p>Etki s\u00fcresi: 8-9 ay<\/p>\n<p>Sadeli\u011fi ve homojenli\u011fi t\u00fcm bitkilerde kesin sonu\u00e7la garanti eden,<\/p>\n<p>optimum b\u00fcy\u00fcme i\u00e7in bitkinin beslenme ihtiya\u00e7lar\u0131na g\u00f6re se\u00e7ilen,<\/p>\n<p>etki s\u00fcresi boyunca gerekli NPK ve mikro elementleri veren d\u00fcnyan\u0131n<\/p>\n<p>en g\u00fcvenli ve en kapsaml\u0131 g\u00fcbresi.<\/p>\n<p>T\u00fcketim oran\u0131 &#8211; 1 litre ba\u015f\u0131na 5 gram (y\u0131ll\u0131k b\u00fcy\u00fcme mevsimi i\u00e7in).<\/p>\n<p>Yaprak d\u00f6kmeyen bitkiler her 9 ayda bir rasyonlar\u0131n\u0131 al\u0131rlar.<\/p>\n<p>&nbsp;<\/p>\n<p>&nbsp;<\/p>\n","protected":false},"excerpt":{"rendered":"<p>OSMOCOTE EXACT STANDART 10<span class=\"excerpt-hellip\"> [\u2026]<\/span><\/p>\n","protected":false},"featured_media":1086648,"comment_status":"closed","ping_status":"closed","template":"","meta":[],"product_brand":[],"product_cat":[460],"product_tag":[593],"class_list":{"0":"post-1086647","1":"product","2":"type-product","3":"status-publish","4":"has-post-thumbnail","6":"product_cat-uncategorized","7":"product_tag-soil-and-fertilizers","9":"first","10":"outofstock","11":"purchasable","12":"product-type-simple"},"_links":{"self":[{"href":"https:\/\/www.cactus-online.net\/ja\/wp-json\/wp\/v2\/product\/1086647","targetHints":{"allow":["GET"]}}],"collection":[{"href":"https:\/\/www.cactus-online.net\/ja\/wp-json\/wp\/v2\/product"}],"about":[{"href":"https:\/\/www.cactus-online.net\/ja\/wp-json\/wp\/v2\/types\/product"}],"replies":[{"embeddable":true,"href":"https:\/\/www.cactus-online.net\/ja\/wp-json\/wp\/v2\/comments?post=1086647"}],"version-history":[{"count":1,"href":"https:\/\/www.cactus-online.net\/ja\/wp-json\/wp\/v2\/product\/1086647\/revisions"}],"predecessor-version":[{"id":1086649,"href":"https:\/\/www.cactus-online.net\/ja\/wp-json\/wp\/v2\/product\/1086647\/revisions\/1086649"}],"wp:featuredmedia":[{"embeddable":true,"href":"https:\/\/www.cactus-online.net\/ja\/wp-json\/wp\/v2\/media\/1086648"}],"wp:attachment":[{"href":"https:\/\/www.cactus-online.net\/ja\/wp-json\/wp\/v2\/media?parent=1086647"}],"wp:term":[{"taxonomy":"product_brand","embeddable":true,"href":"https:\/\/www.cactus-online.net\/ja\/wp-json\/wp\/v2\/product_brand?post=1086647"},{"taxonomy":"product_cat","embeddable":true,"href":"https:\/\/www.cactus-online.net\/ja\/wp-json\/wp\/v2\/product_cat?post=1086647"},{"taxonomy":"product_tag","embeddable":true,"href":"https:\/\/www.cactus-online.net\/ja\/wp-json\/wp\/v2\/product_tag?post=1086647"}],"curies":[{"name":"wp","href":"https:\/\/api.w.org\/{rel}","templated":true}]}}